{"id":2663,"date":"2017-12-14T15:45:35","date_gmt":"2017-12-14T20:45:35","guid":{"rendered":"https:\/\/ottawapainter.com\/ottawa-painting-services\/"},"modified":"2025-06-11T09:13:30","modified_gmt":"2025-06-11T13:13:30","slug":"services-de-peinture-ottawa","status":"publish","type":"page","link":"https:\/\/ottawapainter.com\/fr\/services-de-peinture-ottawa\/","title":{"rendered":"Services de Peinture"},"content":{"rendered":"<p><div class=\"fusion-fullwidth fullwidth-box fusion-builder-row-1 fusion-parallax-none page-banner hundred-percent-fullwidth non-hundred-percent-height-scrolling fusion-equal-height-columns\" style=\"--awb-border-radius-top-left:0px;--awb-border-radius-top-right:0px;--awb-border-radius-bottom-right:0px;--awb-border-radius-bottom-left:0px;--awb-padding-top:40px;--awb-padding-bottom:40px;--awb-background-image:url(&quot;http:\/\/ottawapainting.com\/wp-content\/uploads\/2018\/01\/about-background.jpg&quot;);--awb-background-size:cover;--awb-flex-wrap:wrap;\" ><div class=\"fusion-builder-row fusion-row\"><div class=\"fusion-layout-column fusion_builder_column fusion-builder-column-0 fusion_builder_column_1_1 1_1 fusion-one-full fusion-column-first fusion-column-last\" style=\"--awb-bg-blend:overlay;--awb-bg-size:cover;\"><div class=\"fusion-column-wrapper fusion-flex-column-wrapper-legacy\"><div class=\"fusion-column-content-centered\"><div class=\"fusion-column-content\"><div class=\"fusion-text fusion-text-1\"><p class=\"page-banner-title\">Services de Peinture<\/p>\n<\/div><\/div><\/div><div class=\"fusion-clearfix\"><\/div><\/div><\/div><\/div><\/div><div class=\"fusion-fullwidth fullwidth-box fusion-builder-row-2 nonhundred-percent-fullwidth non-hundred-percent-height-scrolling\" style=\"--awb-border-radius-top-left:0px;--awb-border-radius-top-right:0px;--awb-border-radius-bottom-right:0px;--awb-border-radius-bottom-left:0px;--awb-padding-top:50px;--awb-padding-bottom:10px;--awb-flex-wrap:wrap;\" ><div class=\"fusion-builder-row fusion-row\"><div class=\"fusion-layout-column fusion_builder_column fusion-builder-column-1 fusion_builder_column_1_1 1_1 fusion-one-full fusion-column-first fusion-column-last\" style=\"--awb-bg-blend:overlay;--awb-bg-size:cover;\"><div class=\"fusion-column-wrapper fusion-flex-column-wrapper-legacy\"><div class=\"fusion-text fusion-text-2\"><h1 class=\"blue-color content-title\" style=\"text-align: center;\">Services de peinture professionnels et supervis\u00e9s \u00e0 Ottawa<\/h1>\n<\/div><div class=\"fusion-text fusion-text-3\"><p style=\"text-align: center;\">Tranquillit\u00e9 d\u2019esprit et r\u00e9sultats impeccables. Ottawa-Gatineau est enti\u00e8rement assur\u00e9e avec une couverture de 5 millions de dollars, incluant la responsabilit\u00e9 civile et l\u2019indemnisation des travailleurs via la CSPAAT (WSIB). Pour garantir un travail de la plus haute qualit\u00e9, Ottawa-Gatineau embauche uniquement des peintres professionnels \u00e0 temps plein \u2014 jamais d&rsquo;\u00e9tudiants ni de travailleurs temporaires. Votre \u00e9quipe est habituellement compos\u00e9e de plusieurs peintres accompagn\u00e9s d\u2019un superviseur qui reste sur place durant toute la dur\u00e9e du projet afin d\u2019en assurer la coordination et la qualit\u00e9.<\/p>\n<\/div><div class=\"fusion-clearfix\"><\/div><\/div><\/div><\/div><\/div><div class=\"fusion-fullwidth fullwidth-box fusion-builder-row-3 nonhundred-percent-fullwidth non-hundred-percent-height-scrolling fusion-equal-height-columns\" style=\"--awb-border-radius-top-left:0px;--awb-border-radius-top-right:0px;--awb-border-radius-bottom-right:0px;--awb-border-radius-bottom-left:0px;--awb-margin-bottom:15px;--awb-flex-wrap:wrap;\" ><div class=\"fusion-builder-row fusion-row\"><div class=\"fusion-layout-column fusion_builder_column fusion-builder-column-2 fusion_builder_column_1_4 1_4 fusion-one-fourth fusion-column-first mobile-section-img\" style=\"--awb-padding-top:0px;--awb-padding-right:0px;--awb-padding-bottom:0px;--awb-padding-left:0px;--awb-bg-image:url(&#039;https:\/\/ottawapainter.com\/wp-content\/uploads\/2018\/01\/08_building.jpg&#039;);--awb-bg-position:center center;--awb-bg-blend:overlay;--awb-bg-size:cover;--awb-margin-bottom:0px;width:25%;width:calc(25% - ( ( 0 ) * 0.25 ) );margin-right: 0px;\"><div class=\"fusion-column-wrapper fusion-flex-column-wrapper-legacy fusion-empty-column-bg-image fusion-column-has-bg-image\" data-bg-url=\"https:\/\/ottawapainter.com\/wp-content\/uploads\/2018\/01\/08_building.jpg\"><img decoding=\"async\" class=\"fusion-empty-dims-img-placeholder fusion-no-large-visibility\" aria-label=\"08_building\" src=\"data:image\/svg+xml,%3Csvg%20xmlns%3D%27http%3A%2F%2Fwww.w3.org%2F2000%2Fsvg%27%20width%3D%27330%27%20height%3D%27515%27%20viewBox%3D%270%200%20330%20515%27%3E%3Crect%20width%3D%27330%27%20height%3D%27515%27%20fill-opacity%3D%220%22%2F%3E%3C%2Fsvg%3E\"><div class=\"fusion-clearfix\"><\/div><\/div><\/div><div class=\"fusion-layout-column fusion_builder_column fusion-builder-column-3 fusion_builder_column_3_4 3_4 fusion-three-fourth fusion-column-last\" style=\"--awb-padding-top:25px;--awb-padding-right:25px;--awb-padding-bottom:25px;--awb-padding-left:25px;--awb-bg-color:#f8f8f8;--awb-bg-color-hover:#f8f8f8;--awb-bg-size:cover;--awb-margin-bottom:0px;width:75%;width:calc(75% - ( ( 0 ) * 0.75 ) );\"><div class=\"fusion-column-wrapper fusion-flex-column-wrapper-legacy\"><div class=\"fusion-text fusion-text-4\"><h3 class=\"blue-color content-secondary-title\">Les experts d\u2019Ottawa-Gatineau font bien plus que peindre<\/h3>\n<\/div><div class=\"fusion-text fusion-text-5\"><p>Nos sp\u00e9cialistes sont pr\u00eats \u00e0 travailler sur toutes les surfaces, \u00e0 l\u2019int\u00e9rieur comme \u00e0 l\u2019ext\u00e9rieur, que ce soit du bois, du pl\u00e2tre, du m\u00e9tal ou du b\u00e9ton. Nos \u00e9quipes utilisent des techniques d\u2019application adapt\u00e9es \u00e0 chaque type de peinture ou de teinture. Du d\u00e9capage et de la pr\u00e9paration du bois jusqu\u2019\u00e0 la couche finale, nous portons une attention rigoureuse aux d\u00e9tails pour un r\u00e9sultat impeccable.<\/p>\n<p>Pr\u00eat \u00e0 donner un coup d\u2019\u00e9clat \u00e0 votre maison ou \u00e0 vos bureaux? C\u2019est le bon moment pour faire appel aux services d\u2019Ottawa-Gatineau, y compris :<\/p>\n<\/div><div class=\"fusion-text fusion-text-6\"><ul class=\"services-list\">\n<li>Peinture int\u00e9rieure et ext\u00e9rieure<\/li>\n<li>Peinture ext\u00e9rieure<\/li>\n<li>Rev\u00eatement de sol en \u00e9poxy<\/li>\n<li>R\u00e9paration de murs<\/li>\n<li>Services de r\u00e9novation : pl\u00e2trage et installation de panneaux de gypse<\/li>\n<li>Lavage \u00e0 pression<\/li>\n<li>Et bien plus encore<\/li>\n<\/ul>\n<\/div><div class=\"fusion-clearfix\"><\/div><\/div><\/div><\/div><\/div><div class=\"fusion-fullwidth fullwidth-box fusion-builder-row-4 nonhundred-percent-fullwidth non-hundred-percent-height-scrolling fusion-equal-height-columns\" style=\"--awb-border-radius-top-left:0px;--awb-border-radius-top-right:0px;--awb-border-radius-bottom-right:0px;--awb-border-radius-bottom-left:0px;--awb-margin-bottom:15px;--awb-flex-wrap:wrap;\" ><div class=\"fusion-builder-row fusion-row\"><div class=\"fusion-layout-column fusion_builder_column fusion-builder-column-4 fusion_builder_column_1_4 1_4 fusion-one-fourth fusion-column-first mobile-section-img\" style=\"--awb-padding-top:0px;--awb-padding-right:0px;--awb-padding-bottom:0px;--awb-padding-left:0px;--awb-bg-image:url(&#039;https:\/\/ottawapainter.com\/wp-content\/uploads\/2018\/01\/01_swatches.jpg&#039;);--awb-bg-position:center center;--awb-bg-blend:overlay;--awb-bg-size:cover;--awb-margin-bottom:0px;width:25%;width:calc(25% - ( ( 0 ) * 0.25 ) );margin-right: 0px;\"><div class=\"fusion-column-wrapper fusion-flex-column-wrapper-legacy fusion-empty-column-bg-image fusion-column-has-bg-image\" data-bg-url=\"https:\/\/ottawapainter.com\/wp-content\/uploads\/2018\/01\/01_swatches.jpg\"><img decoding=\"async\" class=\"fusion-empty-dims-img-placeholder fusion-no-large-visibility\" aria-label=\"01_swatches\" src=\"data:image\/svg+xml,%3Csvg%20xmlns%3D%27http%3A%2F%2Fwww.w3.org%2F2000%2Fsvg%27%20width%3D%27330%27%20height%3D%27383%27%20viewBox%3D%270%200%20330%20383%27%3E%3Crect%20width%3D%27330%27%20height%3D%27383%27%20fill-opacity%3D%220%22%2F%3E%3C%2Fsvg%3E\"><div class=\"fusion-clearfix\"><\/div><\/div><\/div><div class=\"fusion-layout-column fusion_builder_column fusion-builder-column-5 fusion_builder_column_3_4 3_4 fusion-three-fourth fusion-column-last\" style=\"--awb-padding-top:25px;--awb-padding-right:25px;--awb-padding-bottom:25px;--awb-padding-left:25px;--awb-bg-color:#f8f8f8;--awb-bg-color-hover:#f8f8f8;--awb-bg-size:cover;--awb-margin-bottom:0px;width:75%;width:calc(75% - ( ( 0 ) * 0.75 ) );\"><div class=\"fusion-column-wrapper fusion-flex-column-wrapper-legacy\"><div class=\"fusion-text fusion-text-7\"><h3 class=\"blue-color content-secondary-title\">Des produits haut de gamme des meilleurs fabricants<\/h3>\n<\/div><div class=\"fusion-text fusion-text-8\"><p>Pour obtenir des r\u00e9sultats optimaux, Peinture Ottawa-Gatineau utilise uniquement des produits de premi\u00e8re qualit\u00e9, adapt\u00e9s \u00e0 chaque surface et effet d\u00e9sir\u00e9. Gr\u00e2ce \u00e0 notre garantie, vous avez l\u2019assurance que vos travaux int\u00e9rieurs et ext\u00e9rieurs sont couverts par les fabricants suivants :<\/p>\n<\/div><div class=\"fusion-text fusion-text-9\"><ul class=\"services-list\">\n<li>Sico\u00ae<\/li>\n<li>Sikkens<\/li>\n<li>Sherwin-Williams\u00ae<\/li>\n<li>Benjamin Moore\u00ae<\/li>\n<\/ul>\n<\/div><div class=\"fusion-clearfix\"><\/div><\/div><\/div><\/div><\/div><div class=\"fusion-fullwidth fullwidth-box fusion-builder-row-5 nonhundred-percent-fullwidth non-hundred-percent-height-scrolling fusion-equal-height-columns\" style=\"--awb-border-radius-top-left:0px;--awb-border-radius-top-right:0px;--awb-border-radius-bottom-right:0px;--awb-border-radius-bottom-left:0px;--awb-margin-bottom:50px;--awb-flex-wrap:wrap;\" ><div class=\"fusion-builder-row fusion-row\"><div class=\"fusion-layout-column fusion_builder_column fusion-builder-column-6 fusion_builder_column_1_4 1_4 fusion-one-fourth fusion-column-first mobile-section-img\" style=\"--awb-padding-top:0px;--awb-padding-right:0px;--awb-padding-bottom:0px;--awb-padding-left:0px;--awb-bg-image:url(&#039;https:\/\/ottawapainter.com\/wp-content\/uploads\/2018\/01\/09_outdoor_painting.jpg&#039;);--awb-bg-position:center center;--awb-bg-blend:overlay;--awb-bg-size:cover;--awb-margin-bottom:0px;width:25%;width:calc(25% - ( ( 0 ) * 0.25 ) );margin-right: 0px;\"><div class=\"fusion-column-wrapper fusion-flex-column-wrapper-legacy fusion-empty-column-bg-image fusion-column-has-bg-image\" data-bg-url=\"https:\/\/ottawapainter.com\/wp-content\/uploads\/2018\/01\/09_outdoor_painting.jpg\"><img decoding=\"async\" class=\"fusion-empty-dims-img-placeholder fusion-no-large-visibility\" aria-label=\"09_outdoor_painting\" src=\"data:image\/svg+xml,%3Csvg%20xmlns%3D%27http%3A%2F%2Fwww.w3.org%2F2000%2Fsvg%27%20width%3D%27330%27%20height%3D%27343%27%20viewBox%3D%270%200%20330%20343%27%3E%3Crect%20width%3D%27330%27%20height%3D%27343%27%20fill-opacity%3D%220%22%2F%3E%3C%2Fsvg%3E\"><div class=\"fusion-clearfix\"><\/div><\/div><\/div><div class=\"fusion-layout-column fusion_builder_column fusion-builder-column-7 fusion_builder_column_3_4 3_4 fusion-three-fourth fusion-column-last\" style=\"--awb-padding-top:25px;--awb-padding-right:25px;--awb-padding-bottom:25px;--awb-padding-left:25px;--awb-bg-color:#f8f8f8;--awb-bg-color-hover:#f8f8f8;--awb-bg-size:cover;--awb-margin-bottom:0px;width:75%;width:calc(75% - ( ( 0 ) * 0.75 ) );\"><div class=\"fusion-column-wrapper fusion-flex-column-wrapper-legacy\"><div class=\"fusion-text fusion-text-10\"><h3 class=\"blue-color content-secondary-title\">Autres services pour terrasses, bardeaux et fen\u00eatres<\/h3>\n<\/div><div class=\"fusion-text fusion-text-11\"><p>Besoin d\u2019un expert pour entretenir votre terrasse ou r\u00e9parer une fen\u00eatre? Ottawa-Gatineau offre \u00e9galement des services compl\u00e9mentaires pour garder votre propri\u00e9t\u00e9 en excellent \u00e9tat, notamment :<\/p>\n<\/div><div class=\"fusion-text fusion-text-12\"><ul class=\"services-list\">\n<li>R\u00e9paration, remise \u00e0 neuf et teinture de terrasses avec agents de pr\u00e9servation du bois<\/li>\n<li>Menuiserie l\u00e9g\u00e8re et remplacement de bardeaux<\/li>\n<li>R\u00e9paration de cadres et vitrage de fen\u00eatres<\/li>\n<\/ul>\n<\/div><div class=\"fusion-clearfix\"><\/div><\/div><\/div><\/div><\/div><div class=\"fusion-fullwidth fullwidth-box fusion-builder-row-6 hundred-percent-fullwidth non-hundred-percent-height-scrolling\" style=\"--awb-border-radius-top-left:0px;--awb-border-radius-top-right:0px;--awb-border-radius-bottom-right:0px;--awb-border-radius-bottom-left:0px;--awb-flex-wrap:wrap;\" ><div class=\"fusion-builder-row fusion-row\"><div class=\"fusion-layout-column fusion_builder_column fusion-builder-column-8 fusion_builder_column_1_1 1_1 fusion-one-full fusion-column-first fusion-column-last\" style=\"--awb-bg-blend:overlay;--awb-bg-size:cover;--awb-margin-bottom:0px;\"><div class=\"fusion-column-wrapper fusion-flex-column-wrapper-legacy\"><div class=\"fusion-text fusion-text-13\"><div class=\"fusion-fullwidth fullwidth-box fusion-builder-row-6-1 fusion-parallax-none home-last-section nonhundred-percent-fullwidth nonhundred-percent-fullwidth non-hundred-percent-height-scrolling\" style=\"--awb-border-radius-top-left:0px;--awb-border-radius-top-right:0px;--awb-border-radius-bottom-right:0px;--awb-border-radius-bottom-left:0px;--awb-padding-top:100px;--awb-padding-bottom:60px;--awb-margin-top:0px;--awb-background-color:#295f70;--awb-background-image:url(&quot;\/wp-content\/uploads\/2017\/12\/home-interior-blue-background.jpg&quot;);--awb-background-size:cover;--awb-flex-wrap:wrap;\" ><div class=\"fusion-builder-row fusion-row\"><div class=\"fusion-layout-column fusion_builder_column fusion-builder-column-9 fusion_builder_column_1_1 1_1 fusion-one-full fusion-column-first fusion-column-last\" style=\"--awb-bg-size:cover;\"><div class=\"fusion-column-wrapper fusion-flex-column-wrapper-legacy\"><div class=\"fusion-text fusion-text-13\"><h2 class=\"page-title-light white-color\" style=\"text-align: center\">Ne laissez pas cette fissure au mur s\u2019aggraver! <\/h2>\n<\/div><div class=\"fusion-text fusion-text-14\"><div class=\"white-color content-large-font\" style=\"text-align: center\"><p>Contactez-nous d\u00e8s aujourd\u2019hui pour une soumission gratuite!<\/p>\n<\/div>\n<\/div><div class=\"fusion-text fusion-text-15\"><p style=\"text-align: center;margin-top: 15px\"><a class=\"small-yellow-btn\" href=\"https:\/\/ottawapainter.com\/fr\/contactez-nous\/\">Contactez-nous<\/a><\/p>\n<\/div><div class=\"fusion-clearfix\"><\/div><\/div><\/div><\/div><\/div>\n\n<\/div><div class=\"fusion-clearfix\"><\/div><\/div><\/div><\/div><\/div><\/p>\n","protected":false},"excerpt":{"rendered":"","protected":false},"author":22,"featured_media":0,"parent":0,"menu_order":0,"comment_status":"closed","ping_status":"closed","template":"100-width.php","meta":{"_acf_changed":false,"footnotes":""},"class_list":["post-2663","page","type-page","status-publish","hentry"],"acf":[],"_links":{"self":[{"href":"https:\/\/ottawapainter.com\/fr\/wp-json\/wp\/v2\/pages\/2663","targetHints":{"allow":["GET"]}}],"collection":[{"href":"https:\/\/ottawapainter.com\/fr\/wp-json\/wp\/v2\/pages"}],"about":[{"href":"https:\/\/ottawapainter.com\/fr\/wp-json\/wp\/v2\/types\/page"}],"author":[{"embeddable":true,"href":"https:\/\/ottawapainter.com\/fr\/wp-json\/wp\/v2\/users\/22"}],"replies":[{"embeddable":true,"href":"https:\/\/ottawapainter.com\/fr\/wp-json\/wp\/v2\/comments?post=2663"}],"version-history":[{"count":7,"href":"https:\/\/ottawapainter.com\/fr\/wp-json\/wp\/v2\/pages\/2663\/revisions"}],"predecessor-version":[{"id":2758,"href":"https:\/\/ottawapainter.com\/fr\/wp-json\/wp\/v2\/pages\/2663\/revisions\/2758"}],"wp:attachment":[{"href":"https:\/\/ottawapainter.com\/fr\/wp-json\/wp\/v2\/media?parent=2663"}],"curies":[{"name":"wp","href":"https:\/\/api.w.org\/{rel}","templated":true}]}}