{"id":2669,"date":"2018-01-09T15:19:41","date_gmt":"2018-01-09T20:19:41","guid":{"rendered":"https:\/\/ottawapainter.com\/services-de-peinture-ottawa\/home-improvement\/"},"modified":"2025-06-03T10:03:32","modified_gmt":"2025-06-03T14:03:32","slug":"renovation-residentielle","status":"publish","type":"page","link":"https:\/\/ottawapainter.com\/fr\/services-de-peinture-ottawa\/renovation-residentielle\/","title":{"rendered":"R\u00e9novation R\u00e9sidentielle"},"content":{"rendered":"<p><div class=\"fusion-fullwidth fullwidth-box fusion-builder-row-1 fusion-parallax-none page-banner hundred-percent-fullwidth non-hundred-percent-height-scrolling fusion-equal-height-columns\" style=\"--awb-border-radius-top-left:0px;--awb-border-radius-top-right:0px;--awb-border-radius-bottom-right:0px;--awb-border-radius-bottom-left:0px;--awb-padding-top:40px;--awb-padding-bottom:40px;--awb-background-image:url(&quot;http:\/\/ottawapainting.com\/wp-content\/uploads\/2018\/01\/about-background.jpg&quot;);--awb-background-size:cover;--awb-flex-wrap:wrap;\" ><div class=\"fusion-builder-row fusion-row\"><div class=\"fusion-layout-column fusion_builder_column fusion-builder-column-0 fusion_builder_column_1_1 1_1 fusion-one-full fusion-column-first fusion-column-last\" style=\"--awb-bg-blend:overlay;--awb-bg-size:cover;\"><div class=\"fusion-column-wrapper fusion-flex-column-wrapper-legacy\"><div class=\"fusion-column-content-centered\"><div class=\"fusion-column-content\"><div class=\"fusion-text fusion-text-1\"><p class=\"page-banner-title\">Services de r\u00e9novation r\u00e9sidentielle<\/p>\n<\/div><\/div><\/div><div class=\"fusion-clearfix\"><\/div><\/div><\/div><\/div><\/div><div class=\"fusion-fullwidth fullwidth-box fusion-builder-row-2 nonhundred-percent-fullwidth non-hundred-percent-height-scrolling\" style=\"--awb-border-radius-top-left:0px;--awb-border-radius-top-right:0px;--awb-border-radius-bottom-right:0px;--awb-border-radius-bottom-left:0px;--awb-padding-top:50px;--awb-padding-bottom:10px;--awb-flex-wrap:wrap;\" ><div class=\"fusion-builder-row fusion-row\"><div class=\"fusion-layout-column fusion_builder_column fusion-builder-column-1 fusion_builder_column_1_1 1_1 fusion-one-full fusion-column-first fusion-column-last\" style=\"--awb-bg-blend:overlay;--awb-bg-size:cover;\"><div class=\"fusion-column-wrapper fusion-flex-column-wrapper-legacy\"><div class=\"fusion-text fusion-text-2\"><h1 class=\"blue-color content-title\" style=\"text-align: center;\">Services de r\u00e9novation r\u00e9sidentielle \u00e0 Ottawa qui en valent la peine<\/h1>\n<\/div><div class=\"fusion-text fusion-text-3\"><p>Votre maison est votre sanctuaire. Son ambiance et son design refl\u00e8tent qui vous \u00eates. Parfois, pour maintenir cette qualit\u00e9, une petite r\u00e9novation est n\u00e9cessaire. Nous offrons des services de r\u00e9novation r\u00e9sidentielle tout-en-un qui offrent un excellent retour sur investissement \u00e0 nos clients. De l\u2019installation de gypse jusqu\u2019aux projets d\u2019agrandissement complets, nos travaux de r\u00e9novation permettent de concr\u00e9tiser la vision de nos clients.<\/p>\n<p>R\u00e9nover, moderniser ou m\u00eame simplement entretenir votre maison am\u00e9liore non seulement votre qualit\u00e9 de vie, mais augmente aussi sa valeur sur le march\u00e9.<\/p>\n<\/div><div class=\"fusion-clearfix\"><\/div><\/div><\/div><\/div><\/div><div class=\"fusion-fullwidth fullwidth-box fusion-builder-row-3 nonhundred-percent-fullwidth non-hundred-percent-height-scrolling fusion-equal-height-columns\" style=\"--awb-border-radius-top-left:0px;--awb-border-radius-top-right:0px;--awb-border-radius-bottom-right:0px;--awb-border-radius-bottom-left:0px;--awb-margin-bottom:15px;--awb-flex-wrap:wrap;\" ><div class=\"fusion-builder-row fusion-row\"><div class=\"fusion-layout-column fusion_builder_column fusion-builder-column-2 fusion_builder_column_1_4 1_4 fusion-one-fourth fusion-column-first mobile-section-img\" style=\"--awb-padding-top:0px;--awb-padding-right:0px;--awb-padding-bottom:0px;--awb-padding-left:0px;--awb-bg-image:url(&#039;https:\/\/ottawapainter.com\/wp-content\/uploads\/2018\/01\/interior-image.jpg&#039;);--awb-bg-position:center center;--awb-bg-blend:overlay;--awb-bg-size:cover;--awb-margin-bottom:0px;width:25%;width:calc(25% - ( ( 0 ) * 0.25 ) );margin-right: 0px;\"><div class=\"fusion-column-wrapper fusion-flex-column-wrapper-legacy fusion-empty-column-bg-image fusion-column-has-bg-image\" data-bg-url=\"https:\/\/ottawapainter.com\/wp-content\/uploads\/2018\/01\/interior-image.jpg\"><img decoding=\"async\" class=\"fusion-empty-dims-img-placeholder fusion-no-large-visibility\" aria-label=\"interior-image\" src=\"data:image\/svg+xml,%3Csvg%20xmlns%3D%27http%3A%2F%2Fwww.w3.org%2F2000%2Fsvg%27%20width%3D%27808%27%20height%3D%27704%27%20viewBox%3D%270%200%20808%20704%27%3E%3Crect%20width%3D%27808%27%20height%3D%27704%27%20fill-opacity%3D%220%22%2F%3E%3C%2Fsvg%3E\"><div class=\"fusion-clearfix\"><\/div><\/div><\/div><div class=\"fusion-layout-column fusion_builder_column fusion-builder-column-3 fusion_builder_column_3_4 3_4 fusion-three-fourth fusion-column-last\" style=\"--awb-padding-top:25px;--awb-padding-right:25px;--awb-padding-bottom:25px;--awb-padding-left:25px;--awb-bg-color:#f8f8f8;--awb-bg-color-hover:#f8f8f8;--awb-bg-size:cover;--awb-margin-bottom:0px;width:75%;width:calc(75% - ( ( 0 ) * 0.75 ) );\"><div class=\"fusion-column-wrapper fusion-flex-column-wrapper-legacy\"><div class=\"fusion-text fusion-text-4\"><p>Nos experts adoptent une approche int\u00e9gr\u00e9e de la r\u00e9novation. Nous agissons comme conseillers, designers et entrepreneurs. De la consultation initiale jusqu\u2019\u00e0 l\u2019inspection finale, nous g\u00e9rons chaque aspect du projet jusqu\u2019\u00e0 son ach\u00e8vement.<\/p>\n<p>Si vous avez besoin de pl\u00e2trage, d\u2019installation de gypse, de peinture, de r\u00e9parations ou d\u2019autres services de r\u00e9novation, nous r\u00e9novons\u202f:<\/p>\n<\/div><div class=\"fusion-text fusion-text-5\"><ul class=\"services-list\">\n<li>Cuisines<\/li>\n<li>Sous-sols<\/li>\n<li>Salles de bains<\/li>\n<li>Salons<\/li>\n<li>Chambres \u00e0 coucher<\/li>\n<li>Patios<\/li>\n<li>Bureaux<\/li>\n<li>Et plus encore!<\/li>\n<\/ul>\n<\/div><div class=\"fusion-clearfix\"><\/div><\/div><\/div><\/div><\/div><div class=\"fusion-fullwidth fullwidth-box fusion-builder-row-4 nonhundred-percent-fullwidth non-hundred-percent-height-scrolling fusion-equal-height-columns\" style=\"--awb-border-radius-top-left:0px;--awb-border-radius-top-right:0px;--awb-border-radius-bottom-right:0px;--awb-border-radius-bottom-left:0px;--awb-margin-bottom:15px;--awb-flex-wrap:wrap;\" ><div class=\"fusion-builder-row fusion-row\"><div class=\"fusion-layout-column fusion_builder_column fusion-builder-column-4 fusion_builder_column_1_4 1_4 fusion-one-fourth fusion-column-first mobile-section-img\" style=\"--awb-padding-top:0px;--awb-padding-right:0px;--awb-padding-bottom:0px;--awb-padding-left:0px;--awb-bg-image:url(&#039;https:\/\/ottawapainter.com\/wp-content\/uploads\/2018\/10\/10_wall_repair.jpg&#039;);--awb-bg-position:center center;--awb-bg-blend:overlay;--awb-bg-size:cover;--awb-margin-bottom:0px;width:25%;width:calc(25% - ( ( 0 ) * 0.25 ) );margin-right: 0px;\"><div class=\"fusion-column-wrapper fusion-flex-column-wrapper-legacy fusion-empty-column-bg-image fusion-column-has-bg-image\" data-bg-url=\"https:\/\/ottawapainter.com\/wp-content\/uploads\/2018\/10\/10_wall_repair.jpg\"><img decoding=\"async\" class=\"fusion-empty-dims-img-placeholder fusion-no-large-visibility\" aria-label=\"10_wall_repair\" src=\"data:image\/svg+xml,%3Csvg%20xmlns%3D%27http%3A%2F%2Fwww.w3.org%2F2000%2Fsvg%27%20width%3D%27330%27%20height%3D%27348%27%20viewBox%3D%270%200%20330%20348%27%3E%3Crect%20width%3D%27330%27%20height%3D%27348%27%20fill-opacity%3D%220%22%2F%3E%3C%2Fsvg%3E\"><div class=\"fusion-clearfix\"><\/div><\/div><\/div><div class=\"fusion-layout-column fusion_builder_column fusion-builder-column-5 fusion_builder_column_3_4 3_4 fusion-three-fourth fusion-column-last\" style=\"--awb-padding-top:25px;--awb-padding-right:25px;--awb-padding-bottom:25px;--awb-padding-left:25px;--awb-bg-color:#f8f8f8;--awb-bg-color-hover:#f8f8f8;--awb-bg-size:cover;--awb-margin-bottom:0px;width:75%;width:calc(75% - ( ( 0 ) * 0.75 ) );\"><div class=\"fusion-column-wrapper fusion-flex-column-wrapper-legacy\"><div class=\"fusion-text fusion-text-6\"><p>Quel que soit le projet \u2014 r\u00e9parer un mur, colmater une fuite au sous-sol, r\u00e9nover un toit ou poser un nouveau carrelage dans une salle de bain \u2014 chaque projet comporte ses propres d\u00e9fis. Il faut des comp\u00e9tences exceptionnelles et un travail de qualit\u00e9 pour obtenir des r\u00e9sultats durables. Nous voulons que vous soyez fier d\u2019appeler votre maison \u00ab chez vous \u00bb.<\/p>\n<p>Les projets de r\u00e9novation peuvent offrir :<\/p>\n<\/div><div class=\"fusion-text fusion-text-7\"><ul class=\"services-list\">\n<li>Des avantages esth\u00e9tiques<\/li>\n<li>Une meilleure efficacit\u00e9 \u00e9nerg\u00e9tique<\/li>\n<li>Une maison plus durable<\/li>\n<li>Une valeur marchande plus \u00e9lev\u00e9e<\/li>\n<li>Plus de confort<\/li>\n<li>Plus d\u2019espace de rangement<\/li>\n<\/ul>\n<\/div><div class=\"fusion-clearfix\"><\/div><\/div><\/div><\/div><\/div><div class=\"fusion-fullwidth fullwidth-box fusion-builder-row-5 nonhundred-percent-fullwidth non-hundred-percent-height-scrolling\" style=\"--awb-border-radius-top-left:0px;--awb-border-radius-top-right:0px;--awb-border-radius-bottom-right:0px;--awb-border-radius-bottom-left:0px;--awb-padding-top:40px;--awb-flex-wrap:wrap;\" ><div class=\"fusion-builder-row fusion-row\"><div class=\"fusion-layout-column fusion_builder_column fusion-builder-column-6 fusion_builder_column_1_1 1_1 fusion-one-full fusion-column-first fusion-column-last\" style=\"--awb-bg-blend:overlay;--awb-bg-size:cover;\"><div class=\"fusion-column-wrapper fusion-flex-column-wrapper-legacy\"><div class=\"fusion-text fusion-text-8\"><p>Si vous remarquez des dommages \u00e0 vos murs, il est important de les corriger. En fait, certaines fissures peuvent indiquer des probl\u00e8mes structurels plus profonds. Nos experts peuvent non seulement effectuer les r\u00e9parations, mais aussi inspecter pour en identifier la cause.<\/p>\n<p>Lorsque vous faites appel \u00e0 nous, vous pouvez \u00eatre assur\u00e9 \u00e0 100 % que nos entrepreneurs arriveront \u00e0 l\u2019heure, \u00e9valueront les dommages et utiliseront des mat\u00e9riaux de qualit\u00e9 industrielle con\u00e7us pour durer. Nous offrons \u00e9galement des services \u00e0 valeur ajout\u00e9e, comme l\u2019inspection de la maison pour rep\u00e9rer les d\u00e9fauts cach\u00e9s.<\/p>\n<\/div><div class=\"fusion-clearfix\"><\/div><\/div><\/div><\/div><\/div><div class=\"fusion-fullwidth fullwidth-box fusion-builder-row-6 hundred-percent-fullwidth non-hundred-percent-height-scrolling\" style=\"--awb-border-radius-top-left:0px;--awb-border-radius-top-right:0px;--awb-border-radius-bottom-right:0px;--awb-border-radius-bottom-left:0px;--awb-flex-wrap:wrap;\" ><div class=\"fusion-builder-row fusion-row\"><div class=\"fusion-layout-column fusion_builder_column fusion-builder-column-7 fusion_builder_column_1_1 1_1 fusion-one-full fusion-column-first fusion-column-last\" style=\"--awb-bg-blend:overlay;--awb-bg-size:cover;--awb-margin-bottom:0px;\"><div class=\"fusion-column-wrapper fusion-flex-column-wrapper-legacy\"><div class=\"fusion-text fusion-text-9\"><div class=\"fusion-fullwidth fullwidth-box fusion-builder-row-6-1 fusion-parallax-none home-last-section nonhundred-percent-fullwidth nonhundred-percent-fullwidth non-hundred-percent-height-scrolling\" style=\"--awb-border-radius-top-left:0px;--awb-border-radius-top-right:0px;--awb-border-radius-bottom-right:0px;--awb-border-radius-bottom-left:0px;--awb-padding-top:100px;--awb-padding-bottom:60px;--awb-margin-top:0px;--awb-background-color:#295f70;--awb-background-image:url(&quot;\/wp-content\/uploads\/2017\/12\/home-interior-blue-background.jpg&quot;);--awb-background-size:cover;--awb-flex-wrap:wrap;\" ><div class=\"fusion-builder-row fusion-row\"><div class=\"fusion-layout-column fusion_builder_column fusion-builder-column-8 fusion_builder_column_1_1 1_1 fusion-one-full fusion-column-first fusion-column-last\" style=\"--awb-bg-size:cover;\"><div class=\"fusion-column-wrapper fusion-flex-column-wrapper-legacy\"><div class=\"fusion-text fusion-text-9\"><h2 class=\"page-title-light white-color\" style=\"text-align: center\">Ne laissez pas cette fissure s\u2019aggraver!<\/h2>\n<\/div><div class=\"fusion-text fusion-text-10\"><div class=\"white-color content-large-font\" style=\"text-align: center\"><p>Contactez-nous d\u00e8s aujourd\u2019hui pour des services de r\u00e9novation r\u00e9sidentielle professionnels. Notre travail est garanti \u00e0 100 %!<\/p>\n<\/div>\n<\/div><div class=\"fusion-text fusion-text-11\"><p style=\"text-align: center;margin-top: 15px\"><a class=\"small-yellow-btn\" href=\"https:\/\/ottawapainter.com\/fr\/contactez-nous\/\">Contactez-nous<\/a><\/p>\n<\/div><div class=\"fusion-clearfix\"><\/div><\/div><\/div><\/div><\/div>\n\n<\/div><div class=\"fusion-clearfix\"><\/div><\/div><\/div><\/div><\/div><\/p>\n","protected":false},"excerpt":{"rendered":"","protected":false},"author":22,"featured_media":0,"parent":2663,"menu_order":0,"comment_status":"closed","ping_status":"closed","template":"100-width.php","meta":{"_acf_changed":false,"footnotes":""},"class_list":["post-2669","page","type-page","status-publish","hentry"],"acf":[],"_links":{"self":[{"href":"https:\/\/ottawapainter.com\/fr\/wp-json\/wp\/v2\/pages\/2669","targetHints":{"allow":["GET"]}}],"collection":[{"href":"https:\/\/ottawapainter.com\/fr\/wp-json\/wp\/v2\/pages"}],"about":[{"href":"https:\/\/ottawapainter.com\/fr\/wp-json\/wp\/v2\/types\/page"}],"author":[{"embeddable":true,"href":"https:\/\/ottawapainter.com\/fr\/wp-json\/wp\/v2\/users\/22"}],"replies":[{"embeddable":true,"href":"https:\/\/ottawapainter.com\/fr\/wp-json\/wp\/v2\/comments?post=2669"}],"version-history":[{"count":3,"href":"https:\/\/ottawapainter.com\/fr\/wp-json\/wp\/v2\/pages\/2669\/revisions"}],"predecessor-version":[{"id":2673,"href":"https:\/\/ottawapainter.com\/fr\/wp-json\/wp\/v2\/pages\/2669\/revisions\/2673"}],"up":[{"embeddable":true,"href":"https:\/\/ottawapainter.com\/fr\/wp-json\/wp\/v2\/pages\/2663"}],"wp:attachment":[{"href":"https:\/\/ottawapainter.com\/fr\/wp-json\/wp\/v2\/media?parent=2669"}],"curies":[{"name":"wp","href":"https:\/\/api.w.org\/{rel}","templated":true}]}}