{"id":2682,"date":"2017-12-13T18:15:56","date_gmt":"2017-12-13T23:15:56","guid":{"rendered":"https:\/\/ottawapainter.com\/home\/"},"modified":"2025-06-11T09:23:19","modified_gmt":"2025-06-11T13:23:19","slug":"home","status":"publish","type":"page","link":"https:\/\/ottawapainter.com\/fr\/","title":{"rendered":"Accueil"},"content":{"rendered":"<p><div class=\"fusion-fullwidth fullwidth-box fusion-builder-row-1 fusion-parallax-none home-top-banner nonhundred-percent-fullwidth non-hundred-percent-height-scrolling\" style=\"--awb-border-radius-top-left:0px;--awb-border-radius-top-right:0px;--awb-border-radius-bottom-right:0px;--awb-border-radius-bottom-left:0px;--awb-padding-top:100px;--awb-padding-bottom:100px;--awb-background-image:url(&quot;http:\/\/ottawapainting.com\/wp-content\/uploads\/2018\/03\/home-banner-2.jpg&quot;);--awb-background-size:cover;--awb-flex-wrap:wrap;\" ><div class=\"fusion-builder-row fusion-row\"><div class=\"fusion-layout-column fusion_builder_column fusion-builder-column-0 fusion_builder_column_1_2 1_2 fusion-one-half fusion-column-first\" style=\"--awb-bg-blend:overlay;--awb-bg-size:cover;width:50%;width:calc(50% - ( ( 4% ) * 0.5 ) );margin-right: 4%;\"><div class=\"fusion-column-wrapper fusion-flex-column-wrapper-legacy\"><div class=\"fusion-clearfix\"><\/div><\/div><\/div><div class=\"fusion-layout-column fusion_builder_column fusion-builder-column-1 fusion_builder_column_1_2 1_2 fusion-one-half fusion-column-last\" style=\"--awb-bg-blend:overlay;--awb-bg-size:cover;width:50%;width:calc(50% - ( ( 4% ) * 0.5 ) );\"><div class=\"fusion-column-wrapper fusion-flex-column-wrapper-legacy\"><div class=\"fusion-text fusion-text-1\"><p class=\"home-title\">Service de peinture professionnel<\/p>\n<p class=\"home-banner-content\">Faites confiance \u00e0 notre \u00e9quipe exp\u00e9riment\u00e9e pour vous offrir des services de peinture de qualit\u00e9, quels que soient vos besoins, dans la r\u00e9gion d\u2019Ottawa.<\/p>\n<\/div><div class=\"fusion-text fusion-text-2\"><p class=\"yellow-btn-box\"><a class=\"yellow-btn white-color\" href=\"https:\/\/ottawapainter.com\/fr\/contactez-nous\/\">Obtenez une soumission <strong>gratuite<\/strong><br \/>\n<\/a><\/p>\n<\/div><div class=\"fusion-clearfix\"><\/div><\/div><\/div><\/div><\/div><div class=\"fusion-fullwidth fullwidth-box fusion-builder-row-2 hundred-percent-fullwidth non-hundred-percent-height-scrolling fusion-equal-height-columns\" style=\"--awb-border-radius-top-left:0px;--awb-border-radius-top-right:0px;--awb-border-radius-bottom-right:0px;--awb-border-radius-bottom-left:0px;--awb-padding-top:15px;--awb-padding-right:0px;--awb-padding-bottom:15px;--awb-padding-left:0px;--awb-flex-wrap:wrap;\" ><div class=\"fusion-builder-row fusion-row\"><div class=\"fusion-layout-column fusion_builder_column fusion-builder-column-2 fusion_builder_column_1_3 1_3 fusion-one-third fusion-column-first mobile-no\" style=\"--awb-bg-image:url(&#039;https:\/\/ottawapainter.com\/wp-content\/uploads\/2018\/01\/exterior-image2.jpg&#039;);--awb-bg-position:center center;--awb-bg-blend:overlay;--awb-bg-size:cover;--awb-margin-bottom:0px;width:33.333333333333%;width:calc(33.333333333333% - ( ( 15px ) * 0.33333333333333 ) );margin-right: 15px;\"><div class=\"fusion-column-wrapper fusion-flex-column-wrapper-legacy fusion-empty-column-bg-image fusion-column-has-bg-image\" data-bg-url=\"https:\/\/ottawapainter.com\/wp-content\/uploads\/2018\/01\/exterior-image2.jpg\"><img decoding=\"async\" class=\"fusion-empty-dims-img-placeholder fusion-no-large-visibility\" aria-label=\"exterior-image2\" src=\"data:image\/svg+xml,%3Csvg%20xmlns%3D%27http%3A%2F%2Fwww.w3.org%2F2000%2Fsvg%27%20width%3D%27809%27%20height%3D%27613%27%20viewBox%3D%270%200%20809%20613%27%3E%3Crect%20width%3D%27809%27%20height%3D%27613%27%20fill-opacity%3D%220%22%2F%3E%3C%2Fsvg%3E\"><div class=\"fusion-clearfix\"><\/div><\/div><\/div><div class=\"fusion-layout-column fusion_builder_column fusion-builder-column-3 fusion_builder_column_2_3 2_3 fusion-two-third fusion-column-last blue-section\" style=\"--awb-padding-top:90px;--awb-padding-right:90px;--awb-padding-bottom:40px;--awb-padding-left:90px;--awb-bg-color:#f8f8f8;--awb-bg-color-hover:#f8f8f8;--awb-bg-size:cover;--awb-margin-bottom:0px;width:66.666666666667%;width:calc(66.666666666667% - ( ( 15px ) * 0.66666666666667 ) );\"><div class=\"fusion-column-wrapper fusion-flex-column-wrapper-legacy\"><div class=\"fusion-text fusion-text-3\"><h1 class=\"page-title-light\">Entreprise de peinture r\u00e9sidentielle professionnelle et peintres \u00e0 Ottawa<\/h1>\n<div>Vous souhaitez raviver l\u2019ext\u00e9rieur de votre entreprise pour attirer plus de clients? Ou encore, donner un coup d\u2019\u00e9clat \u00e0 votre maison pour en augmenter la valeur et faire des envieux dans le quartier?<\/div>\n<div>&nbsp;<\/div>\n<div>Ne cherchez pas plus loin que Peinture Ottawa-Gatineau. Nous sommes l\u2019une des entreprises les plus reconnues en peinture r\u00e9sidentielle et commerciale \u00e0 Ottawa. Nous nous engageons \u00e0 embellir les r\u00e9sidences et commerces de toute la r\u00e9gion de la capitale chaque jour! Pourquoi investir dans une nouvelle propri\u00e9t\u00e9 quand une simple couche de peinture peut faire toute la diff\u00e9rence?<\/div>\n<div>&nbsp;<\/div>\n<div>La majorit\u00e9 des peintres utilisent les m\u00eames pinceaux, peintures et \u00e9quipements. Ce qui nous distingue? Notre engagement envers l\u2019honn\u00eatet\u00e9, l\u2019int\u00e9grit\u00e9 et l\u2019excellence du travail. Un bon peintre ne se contente pas d\u2019appliquer une couche de peinture; il collabore \u00e9troitement avec vous pour transformer votre maison ou commerce en un reflet de votre souci de la qualit\u00e9.<\/div>\n<div>&nbsp;<\/div>\n<div>Nous portons une attention m\u00e9ticuleuse aux d\u00e9tails, sommes constants et fiables. Tout notre travail est garanti et appuy\u00e9 par notre r\u00e9putation sans faille.<br \/>Obtenez une soumission gratuite<\/div>\n<\/div><div class=\"fusion-text fusion-text-4\"><p style=\"margin-bottom: 0px; margin-top: 25px;\"><a href=\"https:\/\/homestars.com\/companies\/2878609-ottawa-gatineau-painting\" target=\"_blank\" rel=\"noopener noreferrer\"><img decoding=\"async\" class=\"alignnone size-fusion-200 wp-image-2659\" src=\"https:\/\/ottawapainter.com\/wp-content\/uploads\/2025\/05\/read-our-reviews-200x120.webp\" alt=\"HomeStar Read our Reviews\" width=\"200\" height=\"120\" srcset=\"https:\/\/ottawapainter.com\/wp-content\/uploads\/2025\/05\/read-our-reviews-200x120.webp 200w, https:\/\/ottawapainter.com\/wp-content\/uploads\/2025\/05\/read-our-reviews-300x179.webp 300w, https:\/\/ottawapainter.com\/wp-content\/uploads\/2025\/05\/read-our-reviews.webp 400w\" sizes=\"(max-width: 200px) 100vw, 200px\" \/><\/a><\/p>\n<\/div><div class=\"fusion-text fusion-text-5\"><p class=\"yellow-btn-box\"><a class=\"yellow-btn white-color\" href=\"https:\/\/ottawapainter.com\/fr\/contactez-nous\/\">Obtenez une soumission <strong>gratuite<\/strong><\/a><\/p>\n<\/div><div class=\"fusion-clearfix\"><\/div><\/div><\/div><\/div><\/div><div class=\"fusion-fullwidth fullwidth-box fusion-builder-row-3 flip-boxes-section nonhundred-percent-fullwidth non-hundred-percent-height-scrolling\" style=\"--awb-border-radius-top-left:0px;--awb-border-radius-top-right:0px;--awb-border-radius-bottom-right:0px;--awb-border-radius-bottom-left:0px;--awb-flex-wrap:wrap;\" ><div class=\"fusion-builder-row fusion-row\"><div class=\"fusion-layout-column fusion_builder_column fusion-builder-column-4 fusion_builder_column_1_1 1_1 fusion-one-full fusion-column-first fusion-column-last flip-boxes-section\" style=\"--awb-bg-blend:overlay;--awb-bg-size:cover;--awb-margin-bottom:0px;\"><div class=\"fusion-column-wrapper fusion-flex-column-wrapper-legacy\"><div class=\"fusion-flip-boxes flip-boxes row fusion-columns-3 flip-effect-classic\"><div class=\"fusion-flip-box-wrapper fusion-column col-lg-4 col-md-4 col-sm-4\"><div class=\"fusion-flip-box flip-right\" tabindex=\"0\"><div class=\"flip-box-inner-wrapper\"><div class=\"flip-box-front\"><div class=\"flip-box-front-inner\"><h2 class=\"flip-box-heading without-text\">PEINTURE EXT\u00c9RIEURE<\/h2><\/div><\/div><div class=\"flip-box-back\"><div class=\"flip-box-back-inner\">\n<p>Nous sommes sp\u00e9cialis\u00e9s dans les services de peinture ext\u00e9rieure fiables, incluant les peintures, teintures et agents de pr\u00e9servation du bois pour divers types de surfaces.<\/p>\n<p><a class=\"flip-box-btn\" href=\"https:\/\/ottawapainter.com\/fr\/services-de-peinture-ottawa\/peintres-exterieurs\/\">EN SAVOIR PLUS<br \/>\n<\/a><\/p>\n<\/div><\/div><\/div><\/div><\/div><div class=\"fusion-flip-box-wrapper fusion-column col-lg-4 col-md-4 col-sm-4\"><div class=\"fusion-flip-box flip-right\" tabindex=\"0\"><div class=\"flip-box-inner-wrapper\"><div class=\"flip-box-front\"><div class=\"flip-box-front-inner\"><h2 class=\"flip-box-heading without-text\">INT\u00c9RIEURS R\u00c9SIDENTIELS<\/h2><\/div><\/div><div class=\"flip-box-back\"><div class=\"flip-box-back-inner\">Faites appel \u00e0 notre \u00e9quipe pour la peinture int\u00e9rieure de votre maison, avec un service courtois et une grande attention aux d\u00e9tails.<\/p>\n<p><a class=\"flip-box-btn\" href=\"https:\/\/ottawapainter.com\/fr\/services-de-peinture-ottawa\/peinture-interieure\/\">EN SAVOIR PLUS<br \/>\n<\/a><\/div><\/div><\/div><\/div><\/div><div class=\"fusion-flip-box-wrapper fusion-column col-lg-4 col-md-4 col-sm-4\"><div class=\"fusion-flip-box flip-right\" tabindex=\"0\"><div class=\"flip-box-inner-wrapper\"><div class=\"flip-box-front\"><div class=\"flip-box-front-inner\"><h2 class=\"flip-box-heading without-text\">SOUMISSION GRATUITE<\/h2><\/div><\/div><div class=\"flip-box-back\"><div class=\"flip-box-back-inner\">Contactez-nous pour obtenir une estimation d\u00e9taill\u00e9e gratuite. Remplissez simplement notre formulaire facile \u00e0 utiliser et nous vous r\u00e9pondrons rapidement.<\/p>\n<p><a class=\"flip-box-btn\" href=\"https:\/\/ottawapainter.com\/fr\/contactez-nous\/\">EN SAVOIR PLUS<br \/>\n<\/a><\/div><\/div><\/div><\/div><\/div><\/div><div class=\"clearfix\"><\/div><div class=\"fusion-clearfix\"><\/div><\/div><\/div><\/div><\/div><div class=\"fusion-fullwidth fullwidth-box fusion-builder-row-4 icons-section nonhundred-percent-fullwidth non-hundred-percent-height-scrolling\" style=\"--awb-border-radius-top-left:0px;--awb-border-radius-top-right:0px;--awb-border-radius-bottom-right:0px;--awb-border-radius-bottom-left:0px;--awb-padding-top:50px;--awb-padding-right:30px;--awb-padding-bottom:50px;--awb-padding-left:30px;--awb-background-color:#f8f8f8;--awb-flex-wrap:wrap;\" ><div class=\"fusion-builder-row fusion-row\"><div class=\"fusion-layout-column fusion_builder_column fusion-builder-column-5 fusion_builder_column_1_1 1_1 fusion-one-full fusion-column-first fusion-column-last\" style=\"--awb-bg-blend:overlay;--awb-bg-size:cover;\"><div class=\"fusion-column-wrapper fusion-flex-column-wrapper-legacy\"><div class=\"fusion-text fusion-text-6\"><h2 class=\"page-title-light blue-color\" style=\"text-align: center;\">Avec Peinture Ottawa-Gatineau, vous b\u00e9n\u00e9ficiez de :<\/h2>\n<\/div><div class=\"fusion-clearfix\"><\/div><\/div><\/div><div class=\"fusion-layout-column fusion_builder_column fusion-builder-column-6 fusion_builder_column_1_3 1_3 fusion-one-third fusion-column-first\" style=\"--awb-bg-blend:overlay;--awb-bg-size:cover;width:33.333333333333%;width:calc(33.333333333333% - ( ( 4% + 4% ) * 0.33333333333333 ) );margin-right: 4%;\"><div class=\"fusion-column-wrapper fusion-flex-column-wrapper-legacy\"><i class=\"fb-icon-element-1 fb-icon-element fontawesome-icon fa fa-usd circle-no fusion-text-flow home-icon\" style=\"--awb-iconcolor:#1b9ebf;--awb-iconcolor-hover:#1b9ebf;--awb-font-size:30px;--awb-margin-right:15px;\"><\/i><div class=\"fusion-text fusion-text-7\"><h3 class=\"icon-title blue-color\">Prix abordables<\/h3>\n<p>Nos tarifs figurent parmi les plus comp\u00e9titifs \u00e0 Ottawa. En mati\u00e8re de rapport qualit\u00e9-prix, nous sommes imbattables.<\/p>\n<\/div><div class=\"fusion-clearfix\"><\/div><\/div><\/div><div class=\"fusion-layout-column fusion_builder_column fusion-builder-column-7 fusion_builder_column_1_3 1_3 fusion-one-third\" style=\"--awb-bg-blend:overlay;--awb-bg-size:cover;width:33.333333333333%;width:calc(33.333333333333% - ( ( 4% + 4% ) * 0.33333333333333 ) );margin-right: 4%;\"><div class=\"fusion-column-wrapper fusion-flex-column-wrapper-legacy\"><i class=\"fb-icon-element-2 fb-icon-element fontawesome-icon fa fa-handshake-o circle-no fusion-text-flow home-icon\" style=\"--awb-iconcolor:#1b9ebf;--awb-iconcolor-hover:#1b9ebf;--awb-font-size:30px;--awb-margin-right:15px;\"><\/i><div class=\"fusion-text fusion-text-8\"><h3 class=\"icon-title blue-color\">Fiabilit\u00e9<\/h3>\n<p>Nous respectons les d\u00e9lais \u00e9tablis et il n\u2019y a jamais de frais cach\u00e9s. Tous nos peintres sont rigoureusement v\u00e9rifi\u00e9s. Vous pouvez avoir l\u2019esprit tranquille quant \u00e0 la s\u00e9curit\u00e9 de vos biens.<\/p>\n<\/div><div class=\"fusion-clearfix\"><\/div><\/div><\/div><div class=\"fusion-layout-column fusion_builder_column fusion-builder-column-8 fusion_builder_column_1_3 1_3 fusion-one-third fusion-column-last\" style=\"--awb-bg-blend:overlay;--awb-bg-size:cover;width:33.333333333333%;width:calc(33.333333333333% - ( ( 4% + 4% ) * 0.33333333333333 ) );\"><div class=\"fusion-column-wrapper fusion-flex-column-wrapper-legacy\"><i class=\"fb-icon-element-3 fb-icon-element fontawesome-icon fa fa-smile-o circle-no fusion-text-flow home-icon\" style=\"--awb-iconcolor:#1b9ebf;--awb-iconcolor-hover:#1b9ebf;--awb-font-size:30px;--awb-margin-right:15px;\"><\/i><div class=\"fusion-text fusion-text-9\"><h3 class=\"icon-title blue-color\">Qualit\u00e9 et satisfaction garanties<\/h3>\n<p>Nous appuyons notre travail par notre parole et une garantie de satisfaction.<\/p>\n<\/div><div class=\"fusion-clearfix\"><\/div><\/div><\/div><\/div><\/div><div class=\"fusion-fullwidth fullwidth-box fusion-builder-row-5 nonhundred-percent-fullwidth non-hundred-percent-height-scrolling\" style=\"--awb-border-radius-top-left:0px;--awb-border-radius-top-right:0px;--awb-border-radius-bottom-right:0px;--awb-border-radius-bottom-left:0px;--awb-padding-top:60px;--awb-padding-bottom:60px;--awb-flex-wrap:wrap;\" ><div class=\"fusion-builder-row fusion-row\"><div class=\"fusion-layout-column fusion_builder_column fusion-builder-column-9 fusion_builder_column_1_2 1_2 fusion-one-half fusion-column-first\" style=\"--awb-bg-blend:overlay;--awb-bg-size:cover;width:50%;width:calc(50% - ( ( 4% ) * 0.5 ) );margin-right: 4%;\"><div class=\"fusion-column-wrapper fusion-flex-column-wrapper-legacy\"><div class=\"fusion-text fusion-text-10\"><h2 class=\"home-title blue-color\" style=\"text-shadow: none;\">Services de peinture \u00e0 Ottawa<\/h2>\n<\/div><div class=\"fusion-text fusion-text-11\"><p>Nous nous engageons \u00e0 offrir un service de la plus haute qualit\u00e9 dans toute la r\u00e9gion d\u2019Ottawa, incluant les communaut\u00e9s des deux c\u00f4t\u00e9s de la rivi\u00e8re. En tant que capitale du Canada, Ottawa s\u2019attend \u00e0 un service irr\u00e9prochable \u2013 et nous avons su r\u00e9pondre \u00e0 cette attente, \u00e0 maintes reprises.<\/p>\n<p>Appelez-nous ou contactez-nous en ligne pour obtenir votre soumission gratuite. Remplissez notre formulaire et nous vous r\u00e9pondrons dans les plus brefs d\u00e9lais.<\/p>\n<\/div><div class=\"fusion-text fusion-text-12\"><p><a class=\"small-yellow-btn\" href=\"tel:613-277-5586\">613-277-5586<\/a><a class=\"small-yellow-btn\" href=\"https:\/\/ottawapainter.com\/fr\/contactez-nous\/\">Contactez-nous<\/a><\/p>\n<\/div><div class=\"fusion-clearfix\"><\/div><\/div><\/div><div class=\"fusion-layout-column fusion_builder_column fusion-builder-column-10 fusion_builder_column_1_2 1_2 fusion-one-half fusion-column-last\" style=\"--awb-bg-blend:overlay;--awb-bg-size:cover;width:50%;width:calc(50% - ( ( 4% ) * 0.5 ) );\"><div class=\"fusion-column-wrapper fusion-flex-column-wrapper-legacy\"><div class=\"fusion-text fusion-text-13\"><p>Nous offrons des services de peinture r\u00e9sidentielle et commerciale, incluant :<\/p>\n<ul class=\"services-list blue-color\">\n<li>Peinture int\u00e9rieure et ext\u00e9rieure<\/li>\n<li>Peinture ext\u00e9rieure<\/li>\n<li>Rev\u00eatement de sol en \u00e9poxy<\/li>\n<li>R\u00e9paration de murs<\/li>\n<li>Travaux d\u2019am\u00e9lioration r\u00e9sidentielle comme le pl\u00e2trage et l\u2019installation de gypse<\/li>\n<li>Lavage \u00e0 pression<\/li>\n<li>Et plus encore<\/li>\n<\/ul>\n<\/div><div class=\"fusion-clearfix\"><\/div><\/div><\/div><\/div><\/div><div class=\"fusion-fullwidth fullwidth-box fusion-builder-row-6 hundred-percent-fullwidth non-hundred-percent-height-scrolling fusion-equal-height-columns\" style=\"--awb-border-radius-top-left:0px;--awb-border-radius-top-right:0px;--awb-border-radius-bottom-right:0px;--awb-border-radius-bottom-left:0px;--awb-padding-top:15px;--awb-padding-right:0px;--awb-padding-bottom:15px;--awb-padding-left:0px;--awb-flex-wrap:wrap;\" ><div class=\"fusion-builder-row fusion-row\"><div class=\"fusion-layout-column fusion_builder_column fusion-builder-column-11 fusion_builder_column_2_3 2_3 fusion-two-third fusion-column-first grey-column\" style=\"--awb-padding-top:90px;--awb-padding-right:90px;--awb-padding-bottom:40px;--awb-padding-left:90px;--awb-bg-color:#f8f8f8;--awb-bg-color-hover:#f8f8f8;--awb-bg-size:cover;--awb-margin-bottom:0px;width:66.666666666667%;width:calc(66.666666666667% - ( ( 15px ) * 0.66666666666667 ) );margin-right: 15px;\"><div class=\"fusion-column-wrapper fusion-flex-column-wrapper-legacy\"><div class=\"fusion-text fusion-text-14\"><h2 class=\"page-title-light blue-color\">Pourquoi nous sommes les meilleurs peintres \u00e0 Ottawa et Gatineau<\/h2>\n<p>La peinture est l\u2019un des projets de r\u00e9novation les plus populaires, ce qui a satur\u00e9 le march\u00e9. Beaucoup pensent qu\u2019avec un peu de peinture et un bon pinceau, ils peuvent devenir peintres. Ce n\u2019est pas le cas. Engager un entrepreneur professionnel vous fera gagner du temps et garantira un meilleur r\u00e9sultat \u2013 mais encore faut-il choisir le bon.<\/p>\n<p>Alors, pourquoi nous distingue-t-on \u00e0 Ottawa et Gatineau? Pourquoi nos clients reviennent-ils encore et encore?<\/p>\n<div class=\"indent-content\">\n<p><strong class=\"blue-color\">Exp\u00e9rience<\/strong> \u2013 Peu d\u2019entreprises peuvent se vanter d\u2019avoir notre long\u00e9vit\u00e9 et notre \u00e9quipe exp\u00e9riment\u00e9e. Nos r\u00e9alisations sont visibles un peu partout dans la ville, et nous avons b\u00e2ti une solide r\u00e9putation comme l\u2019un des meilleurs peintres \u00e0 Ottawa.<\/p>\n<p><strong class=\"blue-color\">Notre \u00e9quipe<\/strong> \u2013 Nous ne recrutons pas n\u2019importe qui. Nous engageons uniquement des professionnels qualifi\u00e9s, ayant plusieurs ann\u00e9es d\u2019exp\u00e9rience. Gr\u00e2ce \u00e0 un processus de v\u00e9rification rigoureux, nous nous assurons que seuls les meilleurs portent notre nom.<br \/>\nPr\u00e9paration minutieuse \u2013 On dit que le diable est dans les d\u00e9tails. C\u2019est vrai. Un bon travail de peinture repose sur une pr\u00e9paration soign\u00e9e. Nous planifions chaque \u00e9tape pour garantir un r\u00e9sultat final \u00e0 la hauteur de vos attentes.<\/p>\n<p><strong class=\"blue-color\">Pr\u00e9paration minutieuse<\/strong> \u2013 On dit que le diable est dans les d\u00e9tails. C\u2019est vrai. Un bon travail de peinture repose sur une pr\u00e9paration soign\u00e9e. Nous planifions chaque \u00e9tape pour garantir un r\u00e9sultat final \u00e0 la hauteur de vos attentes.<\/p>\n<p><strong class=\"blue-color\">Licence et assurance compl\u00e8tes<\/strong> \u2013 Engager un peintre sans les bonnes accr\u00e9ditations est risqu\u00e9. Nous sommes enti\u00e8rement licenci\u00e9s et assur\u00e9s, donc vous \u00eates entre bonnes mains.<\/p>\n<\/div>\n<\/div><div class=\"fusion-clearfix\"><\/div><\/div><\/div><div class=\"fusion-layout-column fusion_builder_column fusion-builder-column-12 fusion_builder_column_1_3 1_3 fusion-one-third fusion-column-last\" style=\"--awb-bg-image:url(&#039;https:\/\/ottawapainter.com\/wp-content\/uploads\/2018\/01\/interior-image.jpg&#039;);--awb-bg-position:center center;--awb-bg-blend:overlay;--awb-bg-size:cover;--awb-margin-bottom:0px;width:33.333333333333%;width:calc(33.333333333333% - ( ( 15px ) * 0.33333333333333 ) );\"><div class=\"fusion-column-wrapper fusion-flex-column-wrapper-legacy fusion-empty-column-bg-image fusion-column-has-bg-image\" data-bg-url=\"https:\/\/ottawapainter.com\/wp-content\/uploads\/2018\/01\/interior-image.jpg\"><img decoding=\"async\" class=\"fusion-empty-dims-img-placeholder fusion-no-large-visibility\" aria-label=\"interior-image\" src=\"data:image\/svg+xml,%3Csvg%20xmlns%3D%27http%3A%2F%2Fwww.w3.org%2F2000%2Fsvg%27%20width%3D%27808%27%20height%3D%27704%27%20viewBox%3D%270%200%20808%20704%27%3E%3Crect%20width%3D%27808%27%20height%3D%27704%27%20fill-opacity%3D%220%22%2F%3E%3C%2Fsvg%3E\"><div class=\"fusion-clearfix\"><\/div><\/div><\/div><\/div><\/div><div class=\"fusion-fullwidth fullwidth-box fusion-builder-row-7 home-last-section hundred-percent-fullwidth non-hundred-percent-height-scrolling\" style=\"--awb-border-radius-top-left:0px;--awb-border-radius-top-right:0px;--awb-border-radius-bottom-right:0px;--awb-border-radius-bottom-left:0px;--awb-padding-top:0px;--awb-padding-bottom:0px;--awb-margin-top:0px;--awb-margin-bottom:0px;--awb-background-color:rgba(255,255,255,0);--awb-flex-wrap:wrap;\" ><div class=\"fusion-builder-row fusion-row\"><div class=\"fusion-layout-column fusion_builder_column fusion-builder-column-13 fusion_builder_column_1_1 1_1 fusion-one-full fusion-column-first fusion-column-last\" style=\"--awb-bg-blend:overlay;--awb-bg-size:cover;--awb-margin-bottom:0px;\"><div class=\"fusion-column-wrapper fusion-flex-column-wrapper-legacy\"><div class=\"fusion-text fusion-text-15\"><div class=\"fusion-fullwidth fullwidth-box fusion-builder-row-7-1 fusion-parallax-none home-last-section nonhundred-percent-fullwidth non-hundred-percent-height-scrolling\" style=\"--awb-border-radius-top-left:0px;--awb-border-radius-top-right:0px;--awb-border-radius-bottom-right:0px;--awb-border-radius-bottom-left:0px;--awb-padding-top:100px;--awb-padding-bottom:60px;--awb-margin-top:0px;--awb-background-color:#295f70;--awb-background-image:url(&quot;\/wp-content\/uploads\/2017\/12\/home-interior-blue-background.jpg&quot;);--awb-background-size:cover;--awb-flex-wrap:wrap;\" ><div class=\"fusion-builder-row fusion-row\"><div class=\"fusion-layout-column fusion_builder_column fusion-builder-column-14 fusion_builder_column_1_1 1_1 fusion-one-full fusion-column-first fusion-column-last\" style=\"--awb-bg-size:cover;\"><div class=\"fusion-column-wrapper fusion-flex-column-wrapper-legacy\"><div class=\"fusion-text fusion-text-15\"><h2 class=\"page-title-light white-color\" style=\"text-align: center\">Entrepreneur en peinture \u00e0 Ottawa<\/h2>\n<\/div><div class=\"fusion-text fusion-text-16\"><div class=\"white-color content-large-font\" style=\"text-align: center\"><p>Nos services s\u2019\u00e9tendent des deux c\u00f4t\u00e9s de la rivi\u00e8re, \u00e0 Ottawa et Gatineau. Comme nous aimons le dire, nous sommes une entreprise de peinture multi-provinciale. Nous offrons des services de peinture int\u00e9rieure et ext\u00e9rieure de qualit\u00e9 dans les deux langues officielles \u00e0 travers toutes les communaut\u00e9s.<\/p>\n<p>Que ce soit pour donner un style professionnel \u00e0 votre nouveau commerce ou redonner vie \u00e0 votre maison avant de la mettre sur le march\u00e9, choisissez le meilleur : contactez Ottawa House Painters d\u00e8s aujourd\u2019hui!<\/p>\n<\/div>\n<\/div><div class=\"fusion-text fusion-text-17\"><p style=\"text-align: center;margin-top: 15px\"><a class=\"small-yellow-btn\" href=\"https:\/\/ottawapainter.com\/fr\/contactez-nous\/\">Contactez-nous<\/a><\/p>\n<\/div><div class=\"fusion-clearfix\"><\/div><\/div><\/div><\/div><\/div>\n\n<\/div><script type='application\/ld+json'> \n{\n  \"@context\": \"http:\/\/www.schema.org\",\n  \"@type\": \"ProfessionalService\",\n  \"name\": \"ottawa painter\",\n  \"url\": \"https:\/\/ottawapainter.com\/\",\n  \"logo\": \"https:\/\/ottawapainter.com\/wp-content\/uploads\/2018\/03\/ogp-logo.png\",\n  \"image\": \"https:\/\/ottawapainter.com\/wp-content\/uploads\/2018\/03\/ogp-logo-sticky.png\",\n  \"description\": \"Ottawa-Gatineau Painting is one of the leading commercial and residential painters in Ottawa, Ontario. Their services include residential interior painting, exterior painting, epoxy floor painting, wall repair, home improvement services, and power washing. The skilled professionals are fluent in English and French. Call them today at (613) 277-5586 for a free estimation.\",\n  \"address\": {\n    \"@type\": \"PostalAddress\",\n    \"streetAddress\": \"33 St-Andrews\",\n    \"addressLocality\": \"Ottawa\",\n    \"addressRegion\": \"Ontario\",\n    \"postalCode\": \"K1N 5E8\",\n    \"addressCountry\": \"Canada\"\n  },\n  \"geo\": {\n    \"@type\": \"GeoCoordinates\",\n    \"latitude\": \"45.43104\",\n    \"longitude\": \"-75.69738\"\n  },\n  \"openingHours\": \"Mo, Tu, We, Th, Fr, Sa, Su 08:00-21:00\",\n  \"contactPoint\": {\n    \"@type\": \"ContactPoint\",\n    \"telephone\": \"+1(613) 277-5586\",\n    \"contactType\": \"customer support\"\n  }\n}\n <\/script><div class=\"fusion-clearfix\"><\/div><\/div><\/div><\/div><\/div><\/p>\n","protected":false},"excerpt":{"rendered":"","protected":false},"author":22,"featured_media":0,"parent":0,"menu_order":0,"comment_status":"closed","ping_status":"open","template":"100-width.php","meta":{"_acf_changed":false,"footnotes":""},"class_list":["post-2682","page","type-page","status-publish","hentry"],"acf":[],"_links":{"self":[{"href":"https:\/\/ottawapainter.com\/fr\/wp-json\/wp\/v2\/pages\/2682","targetHints":{"allow":["GET"]}}],"collection":[{"href":"https:\/\/ottawapainter.com\/fr\/wp-json\/wp\/v2\/pages"}],"about":[{"href":"https:\/\/ottawapainter.com\/fr\/wp-json\/wp\/v2\/types\/page"}],"author":[{"embeddable":true,"href":"https:\/\/ottawapainter.com\/fr\/wp-json\/wp\/v2\/users\/22"}],"replies":[{"embeddable":true,"href":"https:\/\/ottawapainter.com\/fr\/wp-json\/wp\/v2\/comments?post=2682"}],"version-history":[{"count":10,"href":"https:\/\/ottawapainter.com\/fr\/wp-json\/wp\/v2\/pages\/2682\/revisions"}],"predecessor-version":[{"id":2762,"href":"https:\/\/ottawapainter.com\/fr\/wp-json\/wp\/v2\/pages\/2682\/revisions\/2762"}],"wp:attachment":[{"href":"https:\/\/ottawapainter.com\/fr\/wp-json\/wp\/v2\/media?parent=2682"}],"curies":[{"name":"wp","href":"https:\/\/api.w.org\/{rel}","templated":true}]}}