{"id":2700,"date":"2018-01-05T15:02:07","date_gmt":"2018-01-05T20:02:07","guid":{"rendered":"https:\/\/ottawapainter.com\/services-de-peinture-ottawa\/exterior-painters\/"},"modified":"2025-06-11T09:16:19","modified_gmt":"2025-06-11T13:16:19","slug":"peintres-exterieurs","status":"publish","type":"page","link":"https:\/\/ottawapainter.com\/fr\/services-de-peinture-ottawa\/peintres-exterieurs\/","title":{"rendered":"Peintres ext\u00e9rieurs"},"content":{"rendered":"<p><div class=\"fusion-fullwidth fullwidth-box fusion-builder-row-1 fusion-parallax-none page-banner hundred-percent-fullwidth non-hundred-percent-height-scrolling fusion-equal-height-columns\" style=\"--awb-border-radius-top-left:0px;--awb-border-radius-top-right:0px;--awb-border-radius-bottom-right:0px;--awb-border-radius-bottom-left:0px;--awb-padding-top:40px;--awb-padding-bottom:40px;--awb-background-image:url(&quot;http:\/\/ottawapainting.com\/wp-content\/uploads\/2018\/01\/exterior-header.jpg&quot;);--awb-background-size:cover;--awb-flex-wrap:wrap;\" ><div class=\"fusion-builder-row fusion-row\"><div class=\"fusion-layout-column fusion_builder_column fusion-builder-column-0 fusion_builder_column_1_1 1_1 fusion-one-full fusion-column-first fusion-column-last\" style=\"--awb-bg-size:cover;\"><div class=\"fusion-column-wrapper fusion-flex-column-wrapper-legacy\"><div class=\"fusion-column-content-centered\"><div class=\"fusion-column-content\"><div class=\"fusion-text fusion-text-1\"><p class=\"page-banner-title\">Peintres ext\u00e9rieurs<\/p>\n<\/div><\/div><\/div><div class=\"fusion-clearfix\"><\/div><\/div><\/div><\/div><\/div><div class=\"fusion-fullwidth fullwidth-box fusion-builder-row-2 nonhundred-percent-fullwidth non-hundred-percent-height-scrolling\" style=\"--awb-border-radius-top-left:0px;--awb-border-radius-top-right:0px;--awb-border-radius-bottom-right:0px;--awb-border-radius-bottom-left:0px;--awb-padding-top:50px;--awb-padding-bottom:10px;--awb-flex-wrap:wrap;\" ><div class=\"fusion-builder-row fusion-row\"><div class=\"fusion-layout-column fusion_builder_column fusion-builder-column-1 fusion_builder_column_1_1 1_1 fusion-one-full fusion-column-first fusion-column-last\" style=\"--awb-bg-size:cover;\"><div class=\"fusion-column-wrapper fusion-flex-column-wrapper-legacy\"><div class=\"fusion-text fusion-text-2\"><h1 class=\"blue-color content-title\" style=\"text-align: center;\">Les meilleurs peintres ext\u00e9rieurs \u00e0 Ottawa (Ontario)<\/h1>\n<\/div><div class=\"fusion-text fusion-text-3\"><p style=\"text-align: center;\">Faites appel \u00e0 Peinture Ottawa-Gatineau pour l\u2019application experte de tous types de peintures, teintures et agents de pr\u00e9servation du bois. Notre processus rigoureux garantit que votre maison reste belle longtemps apr\u00e8s la fin des travaux. Le processus Ottawa-Gatineau Painting est la cl\u00e9 d\u2019un travail pr\u00e9cis et de r\u00e9sultats exceptionnels. Voici les \u00e9tapes\u202f:<\/p>\n<\/div><div class=\"fusion-clearfix\"><\/div><\/div><\/div><\/div><\/div><div class=\"fusion-fullwidth fullwidth-box fusion-builder-row-3 nonhundred-percent-fullwidth non-hundred-percent-height-scrolling fusion-equal-height-columns\" style=\"--awb-border-radius-top-left:0px;--awb-border-radius-top-right:0px;--awb-border-radius-bottom-right:0px;--awb-border-radius-bottom-left:0px;--awb-margin-bottom:15px;--awb-flex-wrap:wrap;\" ><div class=\"fusion-builder-row fusion-row\"><div class=\"fusion-layout-column fusion_builder_column fusion-builder-column-2 fusion_builder_column_1_4 1_4 fusion-one-fourth fusion-column-first mobile-section-img\" style=\"--awb-padding-top:0px;--awb-padding-right:0px;--awb-padding-bottom:0px;--awb-padding-left:0px;--awb-bg-image:url(&#039;https:\/\/ottawapainter.com\/wp-content\/uploads\/2018\/01\/04_home.jpg&#039;);--awb-bg-position:center center;--awb-bg-size:cover;--awb-margin-bottom:0px;width:25%;width:calc(25% - ( ( 0 ) * 0.25 ) );margin-right: 0px;\"><div class=\"fusion-column-wrapper fusion-flex-column-wrapper-legacy fusion-empty-column-bg-image fusion-column-has-bg-image\" data-bg-url=\"https:\/\/ottawapainter.com\/wp-content\/uploads\/2018\/01\/04_home.jpg\"><img decoding=\"async\" class=\"fusion-empty-dims-img-placeholder fusion-no-large-visibility\" aria-label=\"04_home\" src=\"data:image\/svg+xml,%3Csvg%20xmlns%3D%27http%3A%2F%2Fwww.w3.org%2F2000%2Fsvg%27%20width%3D%27330%27%20height%3D%27205%27%20viewBox%3D%270%200%20330%20205%27%3E%3Crect%20width%3D%27330%27%20height%3D%27205%27%20fill-opacity%3D%220%22%2F%3E%3C%2Fsvg%3E\"><div class=\"fusion-clearfix\"><\/div><\/div><\/div><div class=\"fusion-layout-column fusion_builder_column fusion-builder-column-3 fusion_builder_column_3_4 3_4 fusion-three-fourth fusion-column-last\" style=\"--awb-padding-top:25px;--awb-padding-right:25px;--awb-padding-bottom:25px;--awb-padding-left:25px;--awb-bg-color:#f8f8f8;--awb-bg-color-hover:#f8f8f8;--awb-bg-size:cover;--awb-margin-bottom:0px;width:75%;width:calc(75% - ( ( 0 ) * 0.75 ) );\"><div class=\"fusion-column-wrapper fusion-flex-column-wrapper-legacy\"><div class=\"fusion-text fusion-text-4\"><h3 class=\"blue-color content-secondary-title\">Protection exceptionnelle de votre propri\u00e9t\u00e9<\/h3>\n<\/div><div class=\"fusion-text fusion-text-5\"><ul class=\"services-list\">\n<li>Protection du sol et des plantes avec des toiles.<\/li>\n<li>Protection du toit et des surfaces non peintes contre les \u00e9claboussures.<\/li>\n<li>Nettoyage complet de la zone de travail \u00e0 la fin du chantier.<\/li>\n<\/ul>\n<\/div><div class=\"fusion-clearfix\"><\/div><\/div><\/div><\/div><\/div><div class=\"fusion-fullwidth fullwidth-box fusion-builder-row-4 nonhundred-percent-fullwidth non-hundred-percent-height-scrolling fusion-equal-height-columns\" style=\"--awb-border-radius-top-left:0px;--awb-border-radius-top-right:0px;--awb-border-radius-bottom-right:0px;--awb-border-radius-bottom-left:0px;--awb-margin-bottom:15px;--awb-flex-wrap:wrap;\" ><div class=\"fusion-builder-row fusion-row\"><div class=\"fusion-layout-column fusion_builder_column fusion-builder-column-4 fusion_builder_column_1_4 1_4 fusion-one-fourth fusion-column-first mobile-section-img\" style=\"--awb-padding-top:0px;--awb-padding-right:0px;--awb-padding-bottom:0px;--awb-padding-left:0px;--awb-bg-image:url(&#039;https:\/\/ottawapainter.com\/wp-content\/uploads\/2018\/01\/01_swatches.jpg&#039;);--awb-bg-position:center center;--awb-bg-size:cover;--awb-margin-bottom:0px;width:25%;width:calc(25% - ( ( 0 ) * 0.25 ) );margin-right: 0px;\"><div class=\"fusion-column-wrapper fusion-flex-column-wrapper-legacy fusion-empty-column-bg-image fusion-column-has-bg-image\" data-bg-url=\"https:\/\/ottawapainter.com\/wp-content\/uploads\/2018\/01\/01_swatches.jpg\"><img decoding=\"async\" class=\"fusion-empty-dims-img-placeholder fusion-no-large-visibility\" aria-label=\"01_swatches\" src=\"data:image\/svg+xml,%3Csvg%20xmlns%3D%27http%3A%2F%2Fwww.w3.org%2F2000%2Fsvg%27%20width%3D%27330%27%20height%3D%27383%27%20viewBox%3D%270%200%20330%20383%27%3E%3Crect%20width%3D%27330%27%20height%3D%27383%27%20fill-opacity%3D%220%22%2F%3E%3C%2Fsvg%3E\"><div class=\"fusion-clearfix\"><\/div><\/div><\/div><div class=\"fusion-layout-column fusion_builder_column fusion-builder-column-5 fusion_builder_column_3_4 3_4 fusion-three-fourth fusion-column-last\" style=\"--awb-padding-top:25px;--awb-padding-right:25px;--awb-padding-bottom:25px;--awb-padding-left:25px;--awb-bg-color:#f8f8f8;--awb-bg-color-hover:#f8f8f8;--awb-bg-size:cover;--awb-margin-bottom:0px;width:75%;width:calc(75% - ( ( 0 ) * 0.75 ) );\"><div class=\"fusion-column-wrapper fusion-flex-column-wrapper-legacy\"><div class=\"fusion-text fusion-text-6\"><h3 class=\"blue-color content-secondary-title\">Pr\u00e9paration efficace et consciencieuse<\/h3>\n<\/div><div class=\"fusion-text fusion-text-7\"><ul class=\"services-list\">\n<li>Grattage et sablage de toute peinture \u00e9caill\u00e9e.<\/li>\n<li>Lavage \u00e0 pression pour retirer la salet\u00e9 et la moisissure et favoriser l\u2019adh\u00e9rence.<\/li>\n<li>D\u00e9capage chimique du bois si n\u00e9cessaire.<\/li>\n<\/ul>\n<\/div><div class=\"fusion-clearfix\"><\/div><\/div><\/div><\/div><\/div><div class=\"fusion-fullwidth fullwidth-box fusion-builder-row-5 nonhundred-percent-fullwidth non-hundred-percent-height-scrolling fusion-equal-height-columns\" style=\"--awb-border-radius-top-left:0px;--awb-border-radius-top-right:0px;--awb-border-radius-bottom-right:0px;--awb-border-radius-bottom-left:0px;--awb-margin-bottom:15px;--awb-flex-wrap:wrap;\" ><div class=\"fusion-builder-row fusion-row\"><div class=\"fusion-layout-column fusion_builder_column fusion-builder-column-6 fusion_builder_column_1_4 1_4 fusion-one-fourth fusion-column-first mobile-section-img\" style=\"--awb-padding-top:0px;--awb-padding-right:0px;--awb-padding-bottom:0px;--awb-padding-left:0px;--awb-bg-image:url(&#039;https:\/\/ottawapainter.com\/wp-content\/uploads\/2018\/01\/05_exterior_painting.jpg&#039;);--awb-bg-position:center center;--awb-bg-size:cover;--awb-margin-bottom:0px;width:25%;width:calc(25% - ( ( 0 ) * 0.25 ) );margin-right: 0px;\"><div class=\"fusion-column-wrapper fusion-flex-column-wrapper-legacy fusion-empty-column-bg-image fusion-column-has-bg-image\" data-bg-url=\"https:\/\/ottawapainter.com\/wp-content\/uploads\/2018\/01\/05_exterior_painting.jpg\"><img decoding=\"async\" class=\"fusion-empty-dims-img-placeholder fusion-no-large-visibility\" aria-label=\"05_exterior_painting\" src=\"data:image\/svg+xml,%3Csvg%20xmlns%3D%27http%3A%2F%2Fwww.w3.org%2F2000%2Fsvg%27%20width%3D%27330%27%20height%3D%27205%27%20viewBox%3D%270%200%20330%20205%27%3E%3Crect%20width%3D%27330%27%20height%3D%27205%27%20fill-opacity%3D%220%22%2F%3E%3C%2Fsvg%3E\"><div class=\"fusion-clearfix\"><\/div><\/div><\/div><div class=\"fusion-layout-column fusion_builder_column fusion-builder-column-7 fusion_builder_column_3_4 3_4 fusion-three-fourth fusion-column-last\" style=\"--awb-padding-top:25px;--awb-padding-right:25px;--awb-padding-bottom:25px;--awb-padding-left:25px;--awb-bg-color:#f8f8f8;--awb-bg-color-hover:#f8f8f8;--awb-bg-size:cover;--awb-margin-bottom:0px;width:75%;width:calc(75% - ( ( 0 ) * 0.75 ) );\"><div class=\"fusion-column-wrapper fusion-flex-column-wrapper-legacy\"><div class=\"fusion-text fusion-text-8\"><h3 class=\"blue-color content-secondary-title\">Calfeutrage et couches de peinture<\/h3>\n<\/div><div class=\"fusion-text fusion-text-9\"><ul class=\"services-list\">\n<li>Calfeutrage de tous les joints pour pr\u00e9venir les dommages caus\u00e9s par l\u2019humidit\u00e9.<\/li>\n<li>Application d\u2019un appr\u00eat \u00e0 l\u2019huile sur tout bois nu pour une meilleure adh\u00e9sion.<\/li>\n<li>Peinture appliqu\u00e9e au pinceau, au rouleau ou au pulv\u00e9risateur selon le besoin.<\/li>\n<\/ul>\n<\/div><div class=\"fusion-clearfix\"><\/div><\/div><\/div><\/div><\/div><div class=\"fusion-fullwidth fullwidth-box fusion-builder-row-6 nonhundred-percent-fullwidth non-hundred-percent-height-scrolling fusion-equal-height-columns\" style=\"--awb-border-radius-top-left:0px;--awb-border-radius-top-right:0px;--awb-border-radius-bottom-right:0px;--awb-border-radius-bottom-left:0px;--awb-margin-bottom:50px;--awb-flex-wrap:wrap;\" ><div class=\"fusion-builder-row fusion-row\"><div class=\"fusion-layout-column fusion_builder_column fusion-builder-column-8 fusion_builder_column_1_4 1_4 fusion-one-fourth fusion-column-first mobile-section-img\" style=\"--awb-padding-top:0px;--awb-padding-right:0px;--awb-padding-bottom:0px;--awb-padding-left:0px;--awb-bg-image:url(&#039;https:\/\/ottawapainter.com\/wp-content\/uploads\/2018\/01\/03_tools.jpg&#039;);--awb-bg-position:center center;--awb-bg-size:cover;--awb-margin-bottom:0px;width:25%;width:calc(25% - ( ( 0 ) * 0.25 ) );margin-right: 0px;\"><div class=\"fusion-column-wrapper fusion-flex-column-wrapper-legacy fusion-empty-column-bg-image fusion-column-has-bg-image\" data-bg-url=\"https:\/\/ottawapainter.com\/wp-content\/uploads\/2018\/01\/03_tools.jpg\"><img decoding=\"async\" class=\"fusion-empty-dims-img-placeholder fusion-no-large-visibility\" aria-label=\"03_tools\" src=\"data:image\/svg+xml,%3Csvg%20xmlns%3D%27http%3A%2F%2Fwww.w3.org%2F2000%2Fsvg%27%20width%3D%27330%27%20height%3D%27350%27%20viewBox%3D%270%200%20330%20350%27%3E%3Crect%20width%3D%27330%27%20height%3D%27350%27%20fill-opacity%3D%220%22%2F%3E%3C%2Fsvg%3E\"><div class=\"fusion-clearfix\"><\/div><\/div><\/div><div class=\"fusion-layout-column fusion_builder_column fusion-builder-column-9 fusion_builder_column_3_4 3_4 fusion-three-fourth fusion-column-last\" style=\"--awb-padding-top:25px;--awb-padding-right:25px;--awb-padding-bottom:25px;--awb-padding-left:25px;--awb-bg-color:#f8f8f8;--awb-bg-color-hover:#f8f8f8;--awb-bg-size:cover;--awb-margin-bottom:0px;width:75%;width:calc(75% - ( ( 0 ) * 0.75 ) );\"><div class=\"fusion-column-wrapper fusion-flex-column-wrapper-legacy\"><div class=\"fusion-text fusion-text-10\"><h3 class=\"blue-color content-secondary-title\">Garantie ext\u00e9rieure de deux ans avec retouches gratuites*<\/h3>\n<\/div><div class=\"fusion-text fusion-text-11\"><p>Peinture Ottawa-Gatineau garantit la main-d\u2019\u0153uvre et les mat\u00e9riaux pour une p\u00e9riode de deux ans \u00e0 compter de la date de fin des travaux, ou effectue les retouches sans frais en cas de d\u00e9faut. Notre \u00e9quipe r\u00e9pare uniquement les zones o\u00f9 nos produits ont \u00e9chou\u00e9. Nous ne sommes pas responsables des dommages indirects ou accidentels caus\u00e9s par des abus ou des accidents. Veuillez noter qu\u2019il se peut que nous ne puissions pas reproduire exactement la couleur en raison de la d\u00e9coloration naturelle. En savoir plus.<\/p>\n<\/div><div class=\"fusion-clearfix\"><\/div><\/div><\/div><\/div><\/div><div class=\"fusion-fullwidth fullwidth-box fusion-builder-row-7 nonhundred-percent-fullwidth non-hundred-percent-height-scrolling\" style=\"--awb-border-radius-top-left:0px;--awb-border-radius-top-right:0px;--awb-border-radius-bottom-right:0px;--awb-border-radius-bottom-left:0px;--awb-padding-top:50px;--awb-padding-bottom:50px;--awb-flex-wrap:wrap;\" ><div class=\"fusion-builder-row fusion-row\"><div class=\"fusion-layout-column fusion_builder_column fusion-builder-column-10 fusion_builder_column_1_1 1_1 fusion-one-full fusion-column-first fusion-column-last\" style=\"--awb-bg-size:cover;\"><div class=\"fusion-column-wrapper fusion-flex-column-wrapper-legacy\"><div class=\"fusion-text fusion-text-12\"><h2 class=\"bold-title dark-blue-color\">Vous avez besoin d&rsquo;une bonne raison de choisir nos services de peinture ext\u00e9rieure?<\/h2>\n<\/div><div class=\"fusion-text fusion-text-13\"><p>Peinture Ottawa-Gatineau est votre choix num\u00e9ro un pour la peinture ext\u00e9rieure dans la vall\u00e9e de l\u2019Outaouais. Notre service exceptionnel repose sur des ann\u00e9es d\u2019exp\u00e9rience et une passion pour la satisfaction du client. Vous pouvez faire confiance \u00e0 nos peintres professionnels pour mettre \u00e0 jour ou transformer l\u2019ext\u00e9rieur de votre maison en une v\u00e9ritable \u0153uvre d\u2019art. Augmentez l\u2019attrait ext\u00e9rieur de votre maison gr\u00e2ce \u00e0 notre application experte de peintures, teintures et agents de pr\u00e9servation du bois de la plus haute qualit\u00e9. Peu importe les d\u00e9fis, notre \u00e9quipe s\u2019assure que vous soyez 100\u202f% satisfait.<\/p>\n<p>Notre service de peinture ext\u00e9rieure est garanti pendant deux ans, ou nous ferons gratuitement les retouches n\u00e9cessaires. Pour une protection compl\u00e8te de votre propri\u00e9t\u00e9, notre \u00e9quipe couvrira le sol, le toit et les zones non peintes avec des toiles protectrices, et pr\u00e9parera soigneusement l\u2019ext\u00e9rieur de votre maison en d\u00e9capant, grattant et lavant toutes les surfaces sales ou \u00e9caill\u00e9es.<\/p>\n<p>Notre souci du d\u00e9tail fera de votre maison la fiert\u00e9 du voisinage. Transformez une fa\u00e7ade d\u00e9fra\u00eechie, ab\u00eem\u00e9e ou d\u00e9pass\u00e9e en la maison de vos r\u00eaves. Que vous souhaitiez rehausser la valeur de votre maison avec un nouveau look ou simplement lui redonner un coup de neuf, Ottawa-Gatineau Painting est l\u00e0 pour vous aider \u00e0 r\u00e9aliser vos projets de peinture.<\/p>\n<\/div><div class=\"fusion-clearfix\"><\/div><\/div><\/div><\/div><\/div><div class=\"fusion-fullwidth fullwidth-box fusion-builder-row-8 nonhundred-percent-fullwidth non-hundred-percent-height-scrolling\" style=\"--awb-border-radius-top-left:0px;--awb-border-radius-top-right:0px;--awb-border-radius-bottom-right:0px;--awb-border-radius-bottom-left:0px;--awb-padding-top:40px;--awb-padding-bottom:40px;--awb-background-color:#f8f8f8;--awb-flex-wrap:wrap;\" ><div class=\"fusion-builder-row fusion-row\"><div class=\"fusion-layout-column fusion_builder_column fusion-builder-column-11 fusion_builder_column_1_1 1_1 fusion-one-full fusion-column-first fusion-column-last\" style=\"--awb-bg-size:cover;--awb-margin-bottom:0px;\"><div class=\"fusion-column-wrapper fusion-flex-column-wrapper-legacy\"><div class=\"fusion-text fusion-text-14\"><h3 class=\"blue-color upper\"><strong>*Exclusions de la garantie ext\u00e9rieure<\/strong><\/h3>\n<\/div><div class=\"fusion-clearfix\"><\/div><\/div><\/div><div class=\"fusion-layout-column fusion_builder_column fusion-builder-column-12 fusion_builder_column_1_2 1_2 fusion-one-half fusion-column-first\" style=\"--awb-bg-size:cover;width:50%;width:calc(50% - ( ( 4% ) * 0.5 ) );margin-right: 4%;\"><div class=\"fusion-column-wrapper fusion-flex-column-wrapper-legacy\"><div class=\"fusion-text fusion-text-15\"><p>Ottawa-Gatineau ne peut garantir une finition compl\u00e8tement lisse sur les surfaces ayant re\u00e7u plusieurs couches de peinture par le pass\u00e9. La garantie exclut le cloquage sur les parements en c\u00e8dre lisse en raison du glacis de rabotage, un film semblable \u00e0 de la cire laiss\u00e9 par le processus de fabrication.<\/p>\n<\/div><div class=\"fusion-clearfix\"><\/div><\/div><\/div><div class=\"fusion-layout-column fusion_builder_column fusion-builder-column-13 fusion_builder_column_1_2 1_2 fusion-one-half fusion-column-last\" style=\"--awb-bg-size:cover;width:50%;width:calc(50% - ( ( 4% ) * 0.5 ) );\"><div class=\"fusion-column-wrapper fusion-flex-column-wrapper-legacy\"><div class=\"fusion-text fusion-text-16\"><p><strong>La garantie exclut \u00e9galement :<\/strong><\/p>\n<\/div><div class=\"fusion-text fusion-text-17\"><ul>\n<li>Les rampes, escaliers et porches<\/li>\n<li>Les goutti\u00e8res en bois et les planchers de terrasses<\/li>\n<li>Les zones \u00e0 fort passage pi\u00e9tonnier<\/li>\n<li>Les surfaces expos\u00e9es \u00e0 la pluie directe ou \u00e0 une humidit\u00e9 constante<\/li>\n<li>Les zones soumises \u00e0 de grands \u00e9carts de temp\u00e9rature<\/li>\n<li>Les endroits pr\u00e9sentant des probl\u00e8mes de ventilation ou de drainage<\/li>\n<\/ul>\n<\/div><div class=\"fusion-clearfix\"><\/div><\/div><\/div><\/div><\/div><div class=\"fusion-fullwidth fullwidth-box fusion-builder-row-9 hundred-percent-fullwidth non-hundred-percent-height-scrolling\" style=\"--awb-border-radius-top-left:0px;--awb-border-radius-top-right:0px;--awb-border-radius-bottom-right:0px;--awb-border-radius-bottom-left:0px;--awb-flex-wrap:wrap;\" ><div class=\"fusion-builder-row fusion-row\"><div class=\"fusion-layout-column fusion_builder_column fusion-builder-column-14 fusion_builder_column_1_1 1_1 fusion-one-full fusion-column-first fusion-column-last\" style=\"--awb-bg-size:cover;--awb-margin-bottom:0px;\"><div class=\"fusion-column-wrapper fusion-flex-column-wrapper-legacy\"><div class=\"fusion-text fusion-text-18\"><div class=\"fusion-fullwidth fullwidth-box fusion-builder-row-9-1 fusion-parallax-none home-last-section nonhundred-percent-fullwidth nonhundred-percent-fullwidth non-hundred-percent-height-scrolling\" style=\"--awb-border-radius-top-left:0px;--awb-border-radius-top-right:0px;--awb-border-radius-bottom-right:0px;--awb-border-radius-bottom-left:0px;--awb-padding-top:100px;--awb-padding-bottom:60px;--awb-margin-top:0px;--awb-background-color:#295f70;--awb-background-image:url(&quot;\/wp-content\/uploads\/2017\/12\/home-interior-blue-background.jpg&quot;);--awb-background-size:cover;--awb-flex-wrap:wrap;\" ><div class=\"fusion-builder-row fusion-row\"><div class=\"fusion-layout-column fusion_builder_column fusion-builder-column-15 fusion_builder_column_1_1 1_1 fusion-one-full fusion-column-first fusion-column-last\" style=\"--awb-bg-size:cover;\"><div class=\"fusion-column-wrapper fusion-flex-column-wrapper-legacy\"><div class=\"fusion-text fusion-text-18\"><h2 class=\"page-title-light white-color\" style=\"text-align: center\">Ne laissez pas cette fissure s\u2019aggraver!<\/h2>\n<\/div><div class=\"fusion-text fusion-text-19\"><div class=\"white-color content-large-font\" style=\"text-align: center\"><p>Contactez-nous d\u00e8s aujourd\u2019hui pour une soumission gratuite!<\/p>\n<\/div>\n<\/div><div class=\"fusion-text fusion-text-20\"><p style=\"text-align: center;margin-top: 15px\"><a class=\"small-yellow-btn\" href=\"https:\/\/ottawapainter.com\/fr\/contactez-nous\/\">Contactez-nous<\/a><\/p>\n<\/div><div class=\"fusion-clearfix\"><\/div><\/div><\/div><\/div><\/div>\n\n<\/div><div class=\"fusion-clearfix\"><\/div><\/div><\/div><\/div><\/div><\/p>\n","protected":false},"excerpt":{"rendered":"","protected":false},"author":22,"featured_media":0,"parent":2663,"menu_order":0,"comment_status":"closed","ping_status":"closed","template":"100-width.php","meta":{"_acf_changed":false,"footnotes":""},"class_list":["post-2700","page","type-page","status-publish","hentry"],"acf":[],"_links":{"self":[{"href":"https:\/\/ottawapainter.com\/fr\/wp-json\/wp\/v2\/pages\/2700","targetHints":{"allow":["GET"]}}],"collection":[{"href":"https:\/\/ottawapainter.com\/fr\/wp-json\/wp\/v2\/pages"}],"about":[{"href":"https:\/\/ottawapainter.com\/fr\/wp-json\/wp\/v2\/types\/page"}],"author":[{"embeddable":true,"href":"https:\/\/ottawapainter.com\/fr\/wp-json\/wp\/v2\/users\/22"}],"replies":[{"embeddable":true,"href":"https:\/\/ottawapainter.com\/fr\/wp-json\/wp\/v2\/comments?post=2700"}],"version-history":[{"count":6,"href":"https:\/\/ottawapainter.com\/fr\/wp-json\/wp\/v2\/pages\/2700\/revisions"}],"predecessor-version":[{"id":2760,"href":"https:\/\/ottawapainter.com\/fr\/wp-json\/wp\/v2\/pages\/2700\/revisions\/2760"}],"up":[{"embeddable":true,"href":"https:\/\/ottawapainter.com\/fr\/wp-json\/wp\/v2\/pages\/2663"}],"wp:attachment":[{"href":"https:\/\/ottawapainter.com\/fr\/wp-json\/wp\/v2\/media?parent=2700"}],"curies":[{"name":"wp","href":"https:\/\/api.w.org\/{rel}","templated":true}]}}