{"id":2711,"date":"2018-01-09T15:19:37","date_gmt":"2018-01-09T20:19:37","guid":{"rendered":"https:\/\/ottawapainter.com\/services-de-peinture-ottawa\/epoxy-floor-painting-ottawa\/"},"modified":"2025-06-04T15:11:54","modified_gmt":"2025-06-04T19:11:54","slug":"revetement-de-sol-en-epoxy","status":"publish","type":"page","link":"https:\/\/ottawapainter.com\/fr\/services-de-peinture-ottawa\/revetement-de-sol-en-epoxy\/","title":{"rendered":"Rev\u00eatement de sol en \u00e9poxy"},"content":{"rendered":"<p><div class=\"fusion-fullwidth fullwidth-box fusion-builder-row-1 fusion-parallax-none page-banner hundred-percent-fullwidth non-hundred-percent-height-scrolling fusion-equal-height-columns\" style=\"--awb-border-radius-top-left:0px;--awb-border-radius-top-right:0px;--awb-border-radius-bottom-right:0px;--awb-border-radius-bottom-left:0px;--awb-padding-top:40px;--awb-padding-bottom:40px;--awb-background-image:url(&quot;http:\/\/ottawapainting.com\/wp-content\/uploads\/2018\/01\/paint2-background.jpg&quot;);--awb-background-size:cover;--awb-flex-wrap:wrap;\" ><div class=\"fusion-builder-row fusion-row\"><div class=\"fusion-layout-column fusion_builder_column fusion-builder-column-0 fusion_builder_column_1_1 1_1 fusion-one-full fusion-column-first fusion-column-last\" style=\"--awb-bg-size:cover;\"><div class=\"fusion-column-wrapper fusion-flex-column-wrapper-legacy\"><div class=\"fusion-column-content-centered\"><div class=\"fusion-column-content\"><div class=\"fusion-text fusion-text-1\"><p class=\"page-banner-title\">Rev\u00eatement de sol en \u00e9poxy<\/p>\n<\/div><\/div><\/div><div class=\"fusion-clearfix\"><\/div><\/div><\/div><\/div><\/div><div class=\"fusion-fullwidth fullwidth-box fusion-builder-row-2 nonhundred-percent-fullwidth non-hundred-percent-height-scrolling\" style=\"--awb-border-radius-top-left:0px;--awb-border-radius-top-right:0px;--awb-border-radius-bottom-right:0px;--awb-border-radius-bottom-left:0px;--awb-padding-top:50px;--awb-padding-bottom:10px;--awb-flex-wrap:wrap;\" ><div class=\"fusion-builder-row fusion-row\"><div class=\"fusion-layout-column fusion_builder_column fusion-builder-column-1 fusion_builder_column_1_1 1_1 fusion-one-full fusion-column-first fusion-column-last\" style=\"--awb-bg-size:cover;\"><div class=\"fusion-column-wrapper fusion-flex-column-wrapper-legacy\"><div class=\"fusion-text fusion-text-2\"><h1 class=\"blue-color content-title\" style=\"text-align: center;\">Rev\u00eatement de sol en \u00e9poxy \u00e0 Ottawa (Ontario)<\/h1>\n<\/div><div class=\"fusion-text fusion-text-3\"><p>R\u00e9sistant, durable et agr\u00e9able \u00e0 l\u2019\u0153il, le rev\u00eatement de sol en \u00e9poxy est la solution la plus rapide, simple et abordable pour revitaliser un plancher de b\u00e9ton terne et peu attrayant. Avec seulement quelques couches appliqu\u00e9es avec soin et pr\u00e9cision, vous pouvez transformer l\u2019apparence de votre maison ou bureau en un espace stylis\u00e9, tout en conservant les avantages pratiques du b\u00e9ton.<\/p>\n<p>Le rev\u00eatement en \u00e9poxy est id\u00e9al pour les garages, sous-sols, bureaux, entrep\u00f4ts et bien plus encore. Le b\u00e9ton est l\u2019un des rev\u00eatements de sol les plus populaires dans les propri\u00e9t\u00e9s commerciales et r\u00e9sidentielles, car il est \u00e9conomique, durable et facile \u00e0 entretenir. Les tapis ou autres types de rev\u00eatements s\u2019usent, accumulent la poussi\u00e8re et n\u00e9cessitent beaucoup d\u2019entretien. Le seul v\u00e9ritable inconv\u00e9nient du b\u00e9ton est son manque d\u2019esth\u00e9tique, ce qui donne un aspect froid et vide \u00e0 l\u2019espace. Mais \u00e7a, c\u2019\u00e9tait avant.<\/p>\n<\/div><div class=\"fusion-clearfix\"><\/div><\/div><\/div><\/div><\/div><div class=\"fusion-fullwidth fullwidth-box fusion-builder-row-3 nonhundred-percent-fullwidth non-hundred-percent-height-scrolling fusion-equal-height-columns\" style=\"--awb-border-radius-top-left:0px;--awb-border-radius-top-right:0px;--awb-border-radius-bottom-right:0px;--awb-border-radius-bottom-left:0px;--awb-margin-bottom:15px;--awb-flex-wrap:wrap;\" ><div class=\"fusion-builder-row fusion-row\"><div class=\"fusion-layout-column fusion_builder_column fusion-builder-column-2 fusion_builder_column_1_4 1_4 fusion-one-fourth fusion-column-first mobile-section-img\" style=\"--awb-padding-top:0px;--awb-padding-right:0px;--awb-padding-bottom:0px;--awb-padding-left:0px;--awb-bg-image:url(&#039;https:\/\/ottawapainter.com\/wp-content\/uploads\/2018\/10\/10_wall_repair.jpg&#039;);--awb-bg-position:center center;--awb-bg-size:cover;--awb-margin-bottom:0px;width:25%;width:calc(25% - ( ( 0 ) * 0.25 ) );margin-right: 0px;\"><div class=\"fusion-column-wrapper fusion-flex-column-wrapper-legacy fusion-empty-column-bg-image fusion-column-has-bg-image\" data-bg-url=\"https:\/\/ottawapainter.com\/wp-content\/uploads\/2018\/10\/10_wall_repair.jpg\"><img decoding=\"async\" class=\"fusion-empty-dims-img-placeholder fusion-no-large-visibility\" aria-label=\"10_wall_repair\" src=\"data:image\/svg+xml,%3Csvg%20xmlns%3D%27http%3A%2F%2Fwww.w3.org%2F2000%2Fsvg%27%20width%3D%27330%27%20height%3D%27348%27%20viewBox%3D%270%200%20330%20348%27%3E%3Crect%20width%3D%27330%27%20height%3D%27348%27%20fill-opacity%3D%220%22%2F%3E%3C%2Fsvg%3E\"><div class=\"fusion-clearfix\"><\/div><\/div><\/div><div class=\"fusion-layout-column fusion_builder_column fusion-builder-column-3 fusion_builder_column_3_4 3_4 fusion-three-fourth fusion-column-last\" style=\"--awb-padding-top:25px;--awb-padding-right:25px;--awb-padding-bottom:25px;--awb-padding-left:25px;--awb-bg-color:#f8f8f8;--awb-bg-color-hover:#f8f8f8;--awb-bg-size:cover;--awb-margin-bottom:0px;width:75%;width:calc(75% - ( ( 0 ) * 0.75 ) );\"><div class=\"fusion-column-wrapper fusion-flex-column-wrapper-legacy\"><div class=\"fusion-text fusion-text-4\"><p>Contrairement \u00e0 la peinture, l\u2019\u00e9poxy est une r\u00e9sine qui durcit avec le temps. Voici quelques avantages de couvrir votre plancher avec un rev\u00eatement en \u00e9poxy :<\/p>\n<\/div><div class=\"fusion-text fusion-text-5\"><ul class=\"services-list\">\n<li>Meilleure r\u00e9sistance aux \u00e9clats, aux chocs, aux d\u00e9versements chimiques et aux taches<\/li>\n<li>Recouvrement rapide et efficace des imperfections comme les fissures dans le sol<\/li>\n<li>Moins d\u2019accumulation de poussi\u00e8re : contrairement au b\u00e9ton brut qui retient la salet\u00e9 dans ses rainures, l\u2019\u00e9poxy permet un nettoyage facile<\/li>\n<li>Possibilit\u00e9 d\u2019ajouter des agents antid\u00e9rapants pour une meilleure adh\u00e9rence<\/li>\n<li>Plusieurs garanties couvrent le produit \u00e0 vie<\/li>\n<\/ul>\n<\/div><div class=\"fusion-clearfix\"><\/div><\/div><\/div><\/div><\/div><div class=\"fusion-fullwidth fullwidth-box fusion-builder-row-4 nonhundred-percent-fullwidth non-hundred-percent-height-scrolling\" style=\"--awb-border-radius-top-left:0px;--awb-border-radius-top-right:0px;--awb-border-radius-bottom-right:0px;--awb-border-radius-bottom-left:0px;--awb-padding-top:40px;--awb-flex-wrap:wrap;\" ><div class=\"fusion-builder-row fusion-row\"><div class=\"fusion-layout-column fusion_builder_column fusion-builder-column-4 fusion_builder_column_1_1 1_1 fusion-one-full fusion-column-first fusion-column-last\" style=\"--awb-bg-size:cover;\"><div class=\"fusion-column-wrapper fusion-flex-column-wrapper-legacy\"><div class=\"fusion-text fusion-text-6\"><p>En plus de tous ces avantages, le rev\u00eatement en \u00e9poxy donnera \u00e0 votre espace un style plus moderne et accrocheur.<\/p>\n<\/div><div class=\"fusion-clearfix\"><\/div><\/div><\/div><\/div><\/div><div class=\"fusion-fullwidth fullwidth-box fusion-builder-row-5 hundred-percent-fullwidth non-hundred-percent-height-scrolling\" style=\"--awb-border-radius-top-left:0px;--awb-border-radius-top-right:0px;--awb-border-radius-bottom-right:0px;--awb-border-radius-bottom-left:0px;--awb-flex-wrap:wrap;\" ><div class=\"fusion-builder-row fusion-row\"><div class=\"fusion-layout-column fusion_builder_column fusion-builder-column-5 fusion_builder_column_1_1 1_1 fusion-one-full fusion-column-first fusion-column-last\" style=\"--awb-bg-size:cover;--awb-margin-bottom:0px;\"><div class=\"fusion-column-wrapper fusion-flex-column-wrapper-legacy\"><div class=\"fusion-text fusion-text-7\"><div class=\"fusion-fullwidth fullwidth-box fusion-builder-row-5-1 fusion-parallax-none home-last-section nonhundred-percent-fullwidth nonhundred-percent-fullwidth non-hundred-percent-height-scrolling\" style=\"--awb-border-radius-top-left:0px;--awb-border-radius-top-right:0px;--awb-border-radius-bottom-right:0px;--awb-border-radius-bottom-left:0px;--awb-padding-top:100px;--awb-padding-bottom:60px;--awb-margin-top:0px;--awb-background-color:#295f70;--awb-background-image:url(&quot;\/wp-content\/uploads\/2017\/12\/home-interior-blue-background.jpg&quot;);--awb-background-size:cover;--awb-flex-wrap:wrap;\" ><div class=\"fusion-builder-row fusion-row\"><div class=\"fusion-layout-column fusion_builder_column fusion-builder-column-6 fusion_builder_column_1_1 1_1 fusion-one-full fusion-column-first fusion-column-last\" style=\"--awb-bg-size:cover;\"><div class=\"fusion-column-wrapper fusion-flex-column-wrapper-legacy\"><div class=\"fusion-text fusion-text-7\"><h2 class=\"page-title-light white-color\" style=\"text-align: center\">Marre de votre plancher de b\u00e9ton fade?<\/h2>\n<\/div><div class=\"fusion-text fusion-text-8\"><div class=\"white-color content-large-font\" style=\"text-align: center\"><p>Il est temps de passer \u00e0 l\u2019action!<\/p>\n<\/div>\n<\/div><div class=\"fusion-text fusion-text-9\"><p style=\"text-align: center;margin-top: 15px\"><a class=\"small-yellow-btn\" href=\".fr\/contactez-nous\/\">Contactez-nous<\/a><\/p>\n<\/div><div class=\"fusion-clearfix\"><\/div><\/div><\/div><\/div><\/div>\n\n<\/div><div class=\"fusion-clearfix\"><\/div><\/div><\/div><\/div><\/div><\/p>\n","protected":false},"excerpt":{"rendered":"","protected":false},"author":22,"featured_media":0,"parent":2663,"menu_order":0,"comment_status":"closed","ping_status":"closed","template":"100-width.php","meta":{"_acf_changed":false,"footnotes":""},"class_list":["post-2711","page","type-page","status-publish","hentry"],"acf":[],"_links":{"self":[{"href":"https:\/\/ottawapainter.com\/fr\/wp-json\/wp\/v2\/pages\/2711","targetHints":{"allow":["GET"]}}],"collection":[{"href":"https:\/\/ottawapainter.com\/fr\/wp-json\/wp\/v2\/pages"}],"about":[{"href":"https:\/\/ottawapainter.com\/fr\/wp-json\/wp\/v2\/types\/page"}],"author":[{"embeddable":true,"href":"https:\/\/ottawapainter.com\/fr\/wp-json\/wp\/v2\/users\/22"}],"replies":[{"embeddable":true,"href":"https:\/\/ottawapainter.com\/fr\/wp-json\/wp\/v2\/comments?post=2711"}],"version-history":[{"count":2,"href":"https:\/\/ottawapainter.com\/fr\/wp-json\/wp\/v2\/pages\/2711\/revisions"}],"predecessor-version":[{"id":2713,"href":"https:\/\/ottawapainter.com\/fr\/wp-json\/wp\/v2\/pages\/2711\/revisions\/2713"}],"up":[{"embeddable":true,"href":"https:\/\/ottawapainter.com\/fr\/wp-json\/wp\/v2\/pages\/2663"}],"wp:attachment":[{"href":"https:\/\/ottawapainter.com\/fr\/wp-json\/wp\/v2\/media?parent=2711"}],"curies":[{"name":"wp","href":"https:\/\/api.w.org\/{rel}","templated":true}]}}