{"id":2714,"date":"2018-01-09T15:14:13","date_gmt":"2018-01-09T20:14:13","guid":{"rendered":"https:\/\/ottawapainter.com\/services-de-peinture-ottawa\/wall-repair\/"},"modified":"2025-06-04T15:46:25","modified_gmt":"2025-06-04T19:46:25","slug":"reparation-de-murs","status":"publish","type":"page","link":"https:\/\/ottawapainter.com\/fr\/services-de-peinture-ottawa\/reparation-de-murs\/","title":{"rendered":"R\u00e9paration de murs"},"content":{"rendered":"<p><div class=\"fusion-fullwidth fullwidth-box fusion-builder-row-1 fusion-parallax-none page-banner hundred-percent-fullwidth non-hundred-percent-height-scrolling fusion-equal-height-columns\" style=\"--awb-border-radius-top-left:0px;--awb-border-radius-top-right:0px;--awb-border-radius-bottom-right:0px;--awb-border-radius-bottom-left:0px;--awb-padding-top:40px;--awb-padding-bottom:40px;--awb-background-image:url(&quot;http:\/\/ottawapainting.com\/wp-content\/uploads\/2018\/01\/about-background.jpg&quot;);--awb-background-size:cover;--awb-flex-wrap:wrap;\" ><div class=\"fusion-builder-row fusion-row\"><div class=\"fusion-layout-column fusion_builder_column fusion-builder-column-0 fusion_builder_column_1_1 1_1 fusion-one-full fusion-column-first fusion-column-last\" style=\"--awb-bg-size:cover;\"><div class=\"fusion-column-wrapper fusion-flex-column-wrapper-legacy\"><div class=\"fusion-column-content-centered\"><div class=\"fusion-column-content\"><div class=\"fusion-text fusion-text-1\"><p class=\"page-banner-title\">R\u00e9paration de murs<\/p>\n<\/div><\/div><\/div><div class=\"fusion-clearfix\"><\/div><\/div><\/div><\/div><\/div><div class=\"fusion-fullwidth fullwidth-box fusion-builder-row-2 nonhundred-percent-fullwidth non-hundred-percent-height-scrolling\" style=\"--awb-border-radius-top-left:0px;--awb-border-radius-top-right:0px;--awb-border-radius-bottom-right:0px;--awb-border-radius-bottom-left:0px;--awb-padding-top:50px;--awb-padding-bottom:10px;--awb-flex-wrap:wrap;\" ><div class=\"fusion-builder-row fusion-row\"><div class=\"fusion-layout-column fusion_builder_column fusion-builder-column-1 fusion_builder_column_1_1 1_1 fusion-one-full fusion-column-first fusion-column-last\" style=\"--awb-bg-size:cover;\"><div class=\"fusion-column-wrapper fusion-flex-column-wrapper-legacy\"><div class=\"fusion-text fusion-text-2\"><h1 class=\"blue-color content-title\" style=\"text-align: center;\">Ne laissez pas un trou dans le mur s\u2019aggraver : services de r\u00e9paration de murs professionnels<\/h1>\n<\/div><div class=\"fusion-text fusion-text-3\"><p>Ce trou dans le mur devient-il si grand qu\u2019on pourrait presque y passer au travers? Ce n\u2019est jamais bon signe. Des d\u00e9fauts dans vos murs, m\u00eame mineurs comme des bosses, des fissures ou des crat\u00e8res, peuvent causer de s\u00e9rieux probl\u00e8mes s\u2019ils ne sont pas r\u00e9par\u00e9s. Infiltrations d\u2019eau, pertes d\u2019\u00e9nergie et autres dommages peuvent en d\u00e9couler. Les r\u00e9parations temporaires ne font qu\u2019ajouter des complications \u00e0 long terme. Faites appel \u00e0 nos services professionnels de r\u00e9paration de murs pour restaurer vos surfaces de fa\u00e7on durable. Nos entrepreneurs exp\u00e9riment\u00e9s sont sp\u00e9cialis\u00e9s dans la r\u00e9paration des d\u00e9fauts les plus profonds, autant dans les r\u00e9sidences que dans les b\u00e2timents commerciaux. Les trous et fissures s\u2019aggravent avec le temps, se propagent \u00e0 d&rsquo;autres zones et affaiblissent le gypse ou m\u00eame la fondation de la maison. Nos mat\u00e9riaux industriels de qualit\u00e9 sup\u00e9rieure sont con\u00e7us sp\u00e9cialement pour les entrepreneurs afin d\u2019\u00e9liminer ces probl\u00e8mes de mani\u00e8re d\u00e9finitive.<\/p>\n<\/div><div class=\"fusion-clearfix\"><\/div><\/div><\/div><\/div><\/div><div class=\"fusion-fullwidth fullwidth-box fusion-builder-row-3 nonhundred-percent-fullwidth non-hundred-percent-height-scrolling fusion-equal-height-columns\" style=\"--awb-border-radius-top-left:0px;--awb-border-radius-top-right:0px;--awb-border-radius-bottom-right:0px;--awb-border-radius-bottom-left:0px;--awb-margin-bottom:15px;--awb-flex-wrap:wrap;\" ><div class=\"fusion-builder-row fusion-row\"><div class=\"fusion-layout-column fusion_builder_column fusion-builder-column-2 fusion_builder_column_1_4 1_4 fusion-one-fourth fusion-column-first mobile-section-img\" style=\"--awb-padding-top:0px;--awb-padding-right:0px;--awb-padding-bottom:0px;--awb-padding-left:0px;--awb-bg-image:url(&#039;https:\/\/ottawapainter.com\/wp-content\/uploads\/2018\/10\/10_wall_repair.jpg&#039;);--awb-bg-position:center center;--awb-bg-size:cover;--awb-margin-bottom:0px;width:25%;width:calc(25% - ( ( 0 ) * 0.25 ) );margin-right: 0px;\"><div class=\"fusion-column-wrapper fusion-flex-column-wrapper-legacy fusion-empty-column-bg-image fusion-column-has-bg-image\" data-bg-url=\"https:\/\/ottawapainter.com\/wp-content\/uploads\/2018\/10\/10_wall_repair.jpg\"><img decoding=\"async\" class=\"fusion-empty-dims-img-placeholder fusion-no-large-visibility\" aria-label=\"10_wall_repair\" src=\"data:image\/svg+xml,%3Csvg%20xmlns%3D%27http%3A%2F%2Fwww.w3.org%2F2000%2Fsvg%27%20width%3D%27330%27%20height%3D%27348%27%20viewBox%3D%270%200%20330%20348%27%3E%3Crect%20width%3D%27330%27%20height%3D%27348%27%20fill-opacity%3D%220%22%2F%3E%3C%2Fsvg%3E\"><div class=\"fusion-clearfix\"><\/div><\/div><\/div><div class=\"fusion-layout-column fusion_builder_column fusion-builder-column-3 fusion_builder_column_3_4 3_4 fusion-three-fourth fusion-column-last\" style=\"--awb-padding-top:25px;--awb-padding-right:25px;--awb-padding-bottom:25px;--awb-padding-left:25px;--awb-bg-color:#f8f8f8;--awb-bg-color-hover:#f8f8f8;--awb-bg-size:cover;--awb-margin-bottom:0px;width:75%;width:calc(75% - ( ( 0 ) * 0.75 ) );\"><div class=\"fusion-column-wrapper fusion-flex-column-wrapper-legacy\"><div class=\"fusion-text fusion-text-4\"><h3 class=\"blue-color content-secondary-title\">Les fissures ou trous peuvent \u00eatre caus\u00e9s par :<\/h3>\n<\/div><div class=\"fusion-text fusion-text-5\"><ul class=\"services-list\">\n<li>L\u2019humidit\u00e9<\/li>\n<li>L\u2019affaissement de la fondation<\/li>\n<li>L\u2019usure normale<\/li>\n<li>Les dommages caus\u00e9s par des parasites<\/li>\n<li>Les accidents caus\u00e9s par les enfants<\/li>\n<li>Et plus encore<\/li>\n<\/ul>\n<\/div><div class=\"fusion-clearfix\"><\/div><\/div><\/div><\/div><\/div><div class=\"fusion-fullwidth fullwidth-box fusion-builder-row-4 nonhundred-percent-fullwidth non-hundred-percent-height-scrolling\" style=\"--awb-border-radius-top-left:0px;--awb-border-radius-top-right:0px;--awb-border-radius-bottom-right:0px;--awb-border-radius-bottom-left:0px;--awb-padding-top:40px;--awb-flex-wrap:wrap;\" ><div class=\"fusion-builder-row fusion-row\"><div class=\"fusion-layout-column fusion_builder_column fusion-builder-column-4 fusion_builder_column_1_1 1_1 fusion-one-full fusion-column-first fusion-column-last\" style=\"--awb-bg-size:cover;\"><div class=\"fusion-column-wrapper fusion-flex-column-wrapper-legacy\"><div class=\"fusion-text fusion-text-6\"><p>Si vous constatez un dommage sur vos murs, il est important d\u2019intervenir rapidement. Certaines fissures peuvent m\u00eame r\u00e9v\u00e9ler des probl\u00e8mes structurels plus graves. Nos experts peuvent non seulement effectuer les r\u00e9parations n\u00e9cessaires, mais aussi inspecter les lieux pour en d\u00e9terminer la cause.<\/p>\n<p>En faisant affaire avec nous, vous avez la certitude que nos entrepreneurs arriveront \u00e0 l\u2019heure, \u00e9valueront les dommages et utiliseront des mat\u00e9riaux de qualit\u00e9 industrielle con\u00e7us pour durer. Nous offrons \u00e9galement des services \u00e0 valeur ajout\u00e9e, comme l\u2019inspection de votre maison pour d\u00e9tecter d\u2019\u00e9ventuels d\u00e9fauts cach\u00e9s.<\/p>\n<\/div><div class=\"fusion-clearfix\"><\/div><\/div><\/div><\/div><\/div><div class=\"fusion-fullwidth fullwidth-box fusion-builder-row-5 hundred-percent-fullwidth non-hundred-percent-height-scrolling\" style=\"--awb-border-radius-top-left:0px;--awb-border-radius-top-right:0px;--awb-border-radius-bottom-right:0px;--awb-border-radius-bottom-left:0px;--awb-flex-wrap:wrap;\" ><div class=\"fusion-builder-row fusion-row\"><div class=\"fusion-layout-column fusion_builder_column fusion-builder-column-5 fusion_builder_column_1_1 1_1 fusion-one-full fusion-column-first fusion-column-last\" style=\"--awb-bg-size:cover;--awb-margin-bottom:0px;\"><div class=\"fusion-column-wrapper fusion-flex-column-wrapper-legacy\"><div class=\"fusion-text fusion-text-7\"><div class=\"fusion-fullwidth fullwidth-box fusion-builder-row-5-1 fusion-parallax-none home-last-section nonhundred-percent-fullwidth nonhundred-percent-fullwidth non-hundred-percent-height-scrolling\" style=\"--awb-border-radius-top-left:0px;--awb-border-radius-top-right:0px;--awb-border-radius-bottom-right:0px;--awb-border-radius-bottom-left:0px;--awb-padding-top:100px;--awb-padding-bottom:60px;--awb-margin-top:0px;--awb-background-color:#295f70;--awb-background-image:url(&quot;\/wp-content\/uploads\/2017\/12\/home-interior-blue-background.jpg&quot;);--awb-background-size:cover;--awb-flex-wrap:wrap;\" ><div class=\"fusion-builder-row fusion-row\"><div class=\"fusion-layout-column fusion_builder_column fusion-builder-column-6 fusion_builder_column_1_1 1_1 fusion-one-full fusion-column-first fusion-column-last\" style=\"--awb-bg-size:cover;\"><div class=\"fusion-column-wrapper fusion-flex-column-wrapper-legacy\"><div class=\"fusion-text fusion-text-7\"><h2 class=\"page-title-light white-color\" style=\"text-align: center\">Ne laissez pas cette fissure s\u2019aggraver!<\/h2>\n<\/div><div class=\"fusion-text fusion-text-8\"><div class=\"white-color content-large-font\" style=\"text-align: center\"><p>Contactez-nous d\u00e8s aujourd\u2019hui pour une soumission gratuite!<\/p>\n<\/div>\n<\/div><div class=\"fusion-text fusion-text-9\"><p style=\"text-align: center;margin-top: 15px\"><a class=\"small-yellow-btn\" href=\"https:\/\/ottawapainter.com\/fr\/contactez-nous\/\">Contactez-nous<\/a><\/p>\n<\/div><div class=\"fusion-clearfix\"><\/div><\/div><\/div><\/div><\/div>\n\n<\/div><div class=\"fusion-clearfix\"><\/div><\/div><\/div><\/div><\/div><\/p>\n","protected":false},"excerpt":{"rendered":"","protected":false},"author":22,"featured_media":0,"parent":2663,"menu_order":0,"comment_status":"closed","ping_status":"closed","template":"100-width.php","meta":{"_acf_changed":false,"footnotes":""},"class_list":["post-2714","page","type-page","status-publish","hentry"],"acf":[],"_links":{"self":[{"href":"https:\/\/ottawapainter.com\/fr\/wp-json\/wp\/v2\/pages\/2714","targetHints":{"allow":["GET"]}}],"collection":[{"href":"https:\/\/ottawapainter.com\/fr\/wp-json\/wp\/v2\/pages"}],"about":[{"href":"https:\/\/ottawapainter.com\/fr\/wp-json\/wp\/v2\/types\/page"}],"author":[{"embeddable":true,"href":"https:\/\/ottawapainter.com\/fr\/wp-json\/wp\/v2\/users\/22"}],"replies":[{"embeddable":true,"href":"https:\/\/ottawapainter.com\/fr\/wp-json\/wp\/v2\/comments?post=2714"}],"version-history":[{"count":2,"href":"https:\/\/ottawapainter.com\/fr\/wp-json\/wp\/v2\/pages\/2714\/revisions"}],"predecessor-version":[{"id":2716,"href":"https:\/\/ottawapainter.com\/fr\/wp-json\/wp\/v2\/pages\/2714\/revisions\/2716"}],"up":[{"embeddable":true,"href":"https:\/\/ottawapainter.com\/fr\/wp-json\/wp\/v2\/pages\/2663"}],"wp:attachment":[{"href":"https:\/\/ottawapainter.com\/fr\/wp-json\/wp\/v2\/media?parent=2714"}],"curies":[{"name":"wp","href":"https:\/\/api.w.org\/{rel}","templated":true}]}}