{"id":2725,"date":"2017-12-14T15:45:24","date_gmt":"2017-12-14T20:45:24","guid":{"rendered":"https:\/\/ottawapainter.com\/about-us\/"},"modified":"2025-06-11T09:12:43","modified_gmt":"2025-06-11T13:12:43","slug":"a-propos-de-nous","status":"publish","type":"page","link":"https:\/\/ottawapainter.com\/fr\/a-propos-de-nous\/","title":{"rendered":"\u00c0 propos de nous"},"content":{"rendered":"<p><div class=\"fusion-fullwidth fullwidth-box fusion-builder-row-1 fusion-parallax-none page-banner hundred-percent-fullwidth non-hundred-percent-height-scrolling fusion-equal-height-columns\" style=\"--awb-border-radius-top-left:0px;--awb-border-radius-top-right:0px;--awb-border-radius-bottom-right:0px;--awb-border-radius-bottom-left:0px;--awb-padding-top:40px;--awb-padding-bottom:40px;--awb-background-image:url(&quot;http:\/\/ottawapainting.com\/wp-content\/uploads\/2018\/01\/about-us-header.jpg&quot;);--awb-background-size:cover;--awb-flex-wrap:wrap;\" ><div class=\"fusion-builder-row fusion-row\"><div class=\"fusion-layout-column fusion_builder_column fusion-builder-column-0 fusion_builder_column_1_1 1_1 fusion-one-full fusion-column-first fusion-column-last\" style=\"--awb-bg-blend:overlay;--awb-bg-size:cover;\"><div class=\"fusion-column-wrapper fusion-flex-column-wrapper-legacy\"><div class=\"fusion-column-content-centered\"><div class=\"fusion-column-content\"><div class=\"fusion-text fusion-text-1\"><h2 class=\"page-banner-title\">Entreprises de peinture \u00e0 Ottawa<\/h2>\n<\/div><\/div><\/div><div class=\"fusion-clearfix\"><\/div><\/div><\/div><\/div><\/div><div class=\"fusion-fullwidth fullwidth-box fusion-builder-row-2 nonhundred-percent-fullwidth non-hundred-percent-height-scrolling\" style=\"--awb-border-radius-top-left:0px;--awb-border-radius-top-right:0px;--awb-border-radius-bottom-right:0px;--awb-border-radius-bottom-left:0px;--awb-padding-top:50px;--awb-flex-wrap:wrap;\" ><div class=\"fusion-builder-row fusion-row\"><div class=\"fusion-layout-column fusion_builder_column fusion-builder-column-1 fusion_builder_column_1_1 1_1 fusion-one-full fusion-column-first fusion-column-last\" style=\"--awb-bg-blend:overlay;--awb-bg-size:cover;\"><div class=\"fusion-column-wrapper fusion-flex-column-wrapper-legacy\"><div class=\"fusion-text fusion-text-2\"><h1 class=\"blue-color content-title\">Nous sommes la compagnie de peinture num\u00e9ro 1 \u00e0 Ottawa<\/h1>\n<\/div><div class=\"fusion-text fusion-text-3\"><p style=\"text-align: center;\">Vous magasinez des entreprises de peinture \u00e0 Ottawa? Saviez-vous que Peinture Ottawa-Gatineau est la meilleure entreprise de peinture professionnelle dans la r\u00e9gion de la capitale? Notre exp\u00e9rience, notre savoir-faire et notre utilisation de produits haut de gamme font de nous le choix num\u00e9ro un des familles et des entreprises qui souhaitent r\u00e9nover ou augmenter la valeur marchande de leur propri\u00e9t\u00e9.<\/p>\n<p style=\"text-align: center;\"><span style=\"font-weight: 400;\">Nous sommes fiers de servir notre client\u00e8le dans les deux langues officielles, et ce, des deux c\u00f4t\u00e9s de la rivi\u00e8re.<\/span><\/p>\n<\/div><div class=\"fusion-clearfix\"><\/div><\/div><\/div><\/div><\/div><div class=\"fusion-fullwidth fullwidth-box fusion-builder-row-3 nonhundred-percent-fullwidth non-hundred-percent-height-scrolling fusion-equal-height-columns\" style=\"--awb-border-radius-top-left:0px;--awb-border-radius-top-right:0px;--awb-border-radius-bottom-right:0px;--awb-border-radius-bottom-left:0px;--awb-flex-wrap:wrap;\" ><div class=\"fusion-builder-row fusion-row\"><div class=\"fusion-layout-column fusion_builder_column fusion-builder-column-2 fusion_builder_column_1_2 1_2 fusion-one-half fusion-column-first\" style=\"--awb-padding-top:25px;--awb-padding-right:10px;--awb-padding-bottom:25px;--awb-padding-left:25px;--awb-bg-color:#148198;--awb-bg-color-hover:#148198;--awb-bg-size:cover;width:50%;width:calc(50% - ( ( 0 ) * 0.5 ) );margin-right: 0px;\"><div class=\"fusion-column-wrapper fusion-flex-column-wrapper-legacy\"><div class=\"fusion-text fusion-text-4\"><p class=\"white-color\">Nous savons que les familles et les entreprises de la vall\u00e9e de l\u2019Outaouais s\u2019attendent \u00e0 un certain niveau de qualit\u00e9 de la part de leurs entrepreneurs. C\u2019est pourquoi nous faisons toujours un pas de plus pour offrir des services r\u00e9sidentiels et commerciaux exceptionnels, notamment :<\/p>\n<\/div><div class=\"fusion-clearfix\"><\/div><\/div><\/div><div class=\"fusion-layout-column fusion_builder_column fusion-builder-column-3 fusion_builder_column_1_2 1_2 fusion-one-half fusion-column-last\" style=\"--awb-padding-top:25px;--awb-padding-right:25px;--awb-padding-bottom:25px;--awb-padding-left:10px;--awb-bg-color:#148198;--awb-bg-color-hover:#148198;--awb-bg-size:cover;width:50%;width:calc(50% - ( ( 0 ) * 0.5 ) );\"><div class=\"fusion-column-wrapper fusion-flex-column-wrapper-legacy\"><div class=\"fusion-text fusion-text-5\"><ul class=\"white-color\">\n<li>Peinture int\u00e9rieure et ext\u00e9rieure<\/li>\n<li>Rev\u00eatements de sol en \u00e9poxy<\/li>\n<li>R\u00e9paration de murs<\/li>\n<li>Services de r\u00e9novation, y compris le pl\u00e2trage et l\u2019installation de panneaux de gypse<\/li>\n<li>Lavage \u00e0 pression<\/li>\n<li>Et plus encore<\/li>\n<\/ul>\n<\/div><div class=\"fusion-clearfix\"><\/div><\/div><\/div><\/div><\/div><div class=\"fusion-fullwidth fullwidth-box fusion-builder-row-4 nonhundred-percent-fullwidth non-hundred-percent-height-scrolling fusion-equal-height-columns\" style=\"--awb-border-radius-top-left:0px;--awb-border-radius-top-right:0px;--awb-border-radius-bottom-right:0px;--awb-border-radius-bottom-left:0px;--awb-flex-wrap:wrap;\" ><div class=\"fusion-builder-row fusion-row\"><div class=\"fusion-layout-column fusion_builder_column fusion-builder-column-4 fusion_builder_column_1_2 1_2 fusion-one-half fusion-column-first\" style=\"--awb-padding-top:0px;--awb-padding-right:0px;--awb-padding-bottom:0px;--awb-padding-left:0px;--awb-bg-color:#1b9ebf;--awb-bg-color-hover:#1b9ebf;--awb-bg-image:url(&#039;https:\/\/ottawapainter.com\/wp-content\/uploads\/2018\/01\/team.jpg&#039;);--awb-bg-position:center center;--awb-bg-size:cover;width:50%;width:calc(50% - ( ( 0 ) * 0.5 ) );margin-right: 0px;\"><div class=\"fusion-column-wrapper fusion-flex-column-wrapper-legacy fusion-empty-column-bg-image fusion-column-has-bg-image\" data-bg-url=\"https:\/\/ottawapainter.com\/wp-content\/uploads\/2018\/01\/team.jpg\"><img decoding=\"async\" class=\"fusion-empty-dims-img-placeholder fusion-no-large-visibility\" aria-label=\"team\" src=\"data:image\/svg+xml,%3Csvg%20xmlns%3D%27http%3A%2F%2Fwww.w3.org%2F2000%2Fsvg%27%20width%3D%27584%27%20height%3D%27326%27%20viewBox%3D%270%200%20584%20326%27%3E%3Crect%20width%3D%27584%27%20height%3D%27326%27%20fill-opacity%3D%220%22%2F%3E%3C%2Fsvg%3E\"><div class=\"fusion-clearfix\"><\/div><\/div><\/div><div class=\"fusion-layout-column fusion_builder_column fusion-builder-column-5 fusion_builder_column_1_2 1_2 fusion-one-half fusion-column-last\" style=\"--awb-padding-top:25px;--awb-padding-right:25px;--awb-padding-bottom:25px;--awb-padding-left:25px;--awb-bg-color:#f8f8f8;--awb-bg-color-hover:#f8f8f8;--awb-bg-size:cover;width:50%;width:calc(50% - ( ( 0 ) * 0.5 ) );\"><div class=\"fusion-column-wrapper fusion-flex-column-wrapper-legacy\"><div class=\"fusion-text fusion-text-6\"><p>Beaucoup de gens pensent qu\u2019il suffit d\u2019un pinceau et d\u2019un pot de peinture pour bien faire le travail. Ce n\u2019est tout simplement pas vrai. Le march\u00e9 de la peinture est satur\u00e9 d\u2019entreprises qui n\u2019ont gu\u00e8re plus d\u2019habilet\u00e9s que leurs clients. Engager la mauvaise entreprise peut vous co\u00fbter temps et argent \u00e0 long terme.<\/p>\n<p>Alors pourquoi nous choisir? Notre processus de recrutement garantit que seuls les peintres les plus qualifi\u00e9s et les plus pr\u00e9cis repr\u00e9sentent notre nom dans la communaut\u00e9. Nous sommes convaincus que notre travail d\u00e9passera vos attentes \u2013 c\u2019est pourquoi tous nos services sont couverts par une garantie de deux ans. Vous pouvez dormir sur vos deux oreilles : nous sommes pleinement licenci\u00e9s et assur\u00e9s, avec une solide r\u00e9putation pour notre minutie et notre souci du d\u00e9tail.<\/p>\n<\/div><div class=\"fusion-clearfix\"><\/div><\/div><\/div><\/div><\/div><div class=\"fusion-fullwidth fullwidth-box fusion-builder-row-5 hundred-percent-fullwidth non-hundred-percent-height-scrolling\" style=\"--awb-border-radius-top-left:0px;--awb-border-radius-top-right:0px;--awb-border-radius-bottom-right:0px;--awb-border-radius-bottom-left:0px;--awb-flex-wrap:wrap;\" ><div class=\"fusion-builder-row fusion-row\"><div class=\"fusion-layout-column fusion_builder_column fusion-builder-column-6 fusion_builder_column_1_1 1_1 fusion-one-full fusion-column-first fusion-column-last\" style=\"--awb-bg-blend:overlay;--awb-bg-size:cover;--awb-margin-bottom:0px;\"><div class=\"fusion-column-wrapper fusion-flex-column-wrapper-legacy\"><div class=\"fusion-text fusion-text-7\"><div class=\"fusion-fullwidth fullwidth-box fusion-builder-row-5-1 fusion-parallax-none home-last-section nonhundred-percent-fullwidth non-hundred-percent-height-scrolling\" style=\"--awb-border-radius-top-left:0px;--awb-border-radius-top-right:0px;--awb-border-radius-bottom-right:0px;--awb-border-radius-bottom-left:0px;--awb-padding-top:100px;--awb-padding-bottom:60px;--awb-margin-top:0px;--awb-background-color:#295f70;--awb-background-image:url(&quot;\/wp-content\/uploads\/2017\/12\/home-interior-blue-background.jpg&quot;);--awb-background-size:cover;--awb-flex-wrap:wrap;\" ><div class=\"fusion-builder-row fusion-row\"><div class=\"fusion-layout-column fusion_builder_column fusion-builder-column-7 fusion_builder_column_1_1 1_1 fusion-one-full fusion-column-first fusion-column-last\" style=\"--awb-bg-size:cover;\"><div class=\"fusion-column-wrapper fusion-flex-column-wrapper-legacy\"><div class=\"fusion-text fusion-text-7\"><h2 class=\"page-title-light white-color\" style=\"text-align: center\">Contactez Peinture Ottawa-Gatineau d\u00e8s aujourd\u2019hui pour une soumission gratuite<\/h2>\n<\/div><div class=\"fusion-text fusion-text-8\"><div class=\"white-color content-large-font\" style=\"text-align: center\"><p>Nous utilisons uniquement des produits et outils de premi\u00e8re qualit\u00e9 pour assurer la durabilit\u00e9 de nos travaux. Nos tarifs sont abordables et refl\u00e8tent le niveau de qualit\u00e9 auquel les clients de la r\u00e9gion de la capitale sont habitu\u00e9s. Si vous \u00eates \u00e0 la recherche d\u2019une entreprise de peinture remarquable \u00e0 Ottawa, ne cherchez plus!<\/p>\n<\/div>\n<\/div><div class=\"fusion-text fusion-text-9\"><p style=\"text-align: center;margin-top: 15px\"><a class=\"small-yellow-btn\" href=\"https:\/\/ottawapainter.com\/fr\/contactez-nous\/\">Contactez-nous<\/a><\/p>\n<\/div><div class=\"fusion-clearfix\"><\/div><\/div><\/div><\/div><\/div>\n\n<\/div><div class=\"fusion-clearfix\"><\/div><\/div><\/div><\/div><\/div><\/p>\n","protected":false},"excerpt":{"rendered":"","protected":false},"author":22,"featured_media":0,"parent":0,"menu_order":0,"comment_status":"closed","ping_status":"closed","template":"100-width.php","meta":{"_acf_changed":false,"footnotes":""},"class_list":["post-2725","page","type-page","status-publish","hentry"],"acf":[],"_links":{"self":[{"href":"https:\/\/ottawapainter.com\/fr\/wp-json\/wp\/v2\/pages\/2725","targetHints":{"allow":["GET"]}}],"collection":[{"href":"https:\/\/ottawapainter.com\/fr\/wp-json\/wp\/v2\/pages"}],"about":[{"href":"https:\/\/ottawapainter.com\/fr\/wp-json\/wp\/v2\/types\/page"}],"author":[{"embeddable":true,"href":"https:\/\/ottawapainter.com\/fr\/wp-json\/wp\/v2\/users\/22"}],"replies":[{"embeddable":true,"href":"https:\/\/ottawapainter.com\/fr\/wp-json\/wp\/v2\/comments?post=2725"}],"version-history":[{"count":4,"href":"https:\/\/ottawapainter.com\/fr\/wp-json\/wp\/v2\/pages\/2725\/revisions"}],"predecessor-version":[{"id":2757,"href":"https:\/\/ottawapainter.com\/fr\/wp-json\/wp\/v2\/pages\/2725\/revisions\/2757"}],"wp:attachment":[{"href":"https:\/\/ottawapainter.com\/fr\/wp-json\/wp\/v2\/media?parent=2725"}],"curies":[{"name":"wp","href":"https:\/\/api.w.org\/{rel}","templated":true}]}}